{"id":2966,"date":"2019-08-31T18:11:58","date_gmt":"2019-08-31T18:11:58","guid":{"rendered":"http:\/\/ailaunchlab.offline-test9.com\/hackathon\/"},"modified":"2022-11-28T21:08:01","modified_gmt":"2022-11-28T21:08:01","slug":"hackathon","status":"publish","type":"page","link":"https:\/\/launchlab.ai\/fr\/hackathon\/","title":{"rendered":"HACKATHONS EN AI"},"content":{"rendered":"<div  data-label=\"Content\" data-id=\"content--1\" data-export-id=\"content-12\" data-category=\"content\" class=\"content-12 content-section content-section-spacing\" id=\"content-1\" style=\"background-color: rgb(255, 255, 255); background-image: url(&quot;https:\/\/ailaunchlab.wpengine.com\/wp-content\/uploads\/2021\/03\/Copy-of-Copy-of-Copy-of-Copy-of-Climate-Change-AI-Hackathon-2020-4.jpg&quot;); background-size: cover; background-position: center top;\" data-section-ov=\"1\">\n    <div  class=\"gridContainer\">\n        <div  class=\"row center-xs middle-xs\">\n            <div  class=\"col-sm-9\" data-type=\"column\">\n                \n                \n                <div  class=\"\"><\/div>\n            <h1  class=\"\"><span  style=\"font-weight: 900;\">AI<\/span> LAUNCH LAB<\/h1><h2  class=\"\"><span  style=\"color: rgb(255, 255, 255); font-style: italic;\">Hackathons en AI<\/span><\/h2><p  class=\"\"><span  style=\"color: rgb(255, 255, 255);\">aidez nous \u00e0 faire la diff\u00e9rence<\/span><\/p><a class=\"button color-white\" href=\"https:\/\/launchlab.ai\/fr\/a-propos\/\" target=\"_self\" data-cp-link=\"1\" data-icon=\"\" rel=\"noopener\">notre mission<\/a><\/div>\n        <\/div>\n    <\/div>\n<\/div><div  data-label=\"Content\" data-id=\"content--14\" data-export-id=\"content-12\" data-category=\"content\" class=\"content-12 content-section content-section-spacing\" id=\"content-14\" style=\"background-color: rgb(255, 255, 255); background-image: none;\">\n    <div  class=\"gridContainer\">\n        <div  class=\"row text-center\">\n            <div  class=\"section-title-col\" data-type=\"column\">\n                <h2  class=\"\"><span  style=\"font-weight: 900;\">Qu\u2019est-ce que les Hackathons en Intelligence artificielle?<\/span><\/h2>\n                \n            <p  class=\"lead\">Les Hackathons en IA sont des <span  style=\"font-weight: 400;\">\u00e9v\u00e9nements de 48h qui rassemblent des d\u00e9butants et experts pour r\u00e9soudre des challenges abordants des probl\u00e8mes actuels relatifs \u00e0 l\u2019IA<\/span>. Lors de nos \u00e9v\u00e9nements pr\u00e9c\u00e9dents, les diff\u00e9rentes teams ont travaill\u00e9 en collaboration pour s\u2019attaquer \u00e0 la r\u00e9solution de probl\u00e9matiques environnementales gr\u00e2ce \u00e0 l\u2019IA et l\u2019apprentissage machine.\n<br ><br >Ces \u00e9v\u00e9nements sont une opportunit\u00e9 de lancement de projets et de partenariats importants visant \u00e0 r\u00e9soudre ces crises existentielles.<\/p><p  class=\"lead\"><span  style=\"font-weight: 700;\">\n<br >CLIMATE CRISIS AI HACKATHON<\/span><\/p><p  class=\"\"><span  style=\"color: rgb(60, 66, 79);\">Cet hackathon avait pour th\u00e9matique la r\u00e9solution de probl\u00e9matiques li\u00e9es \u00e0 la <span  style=\"font-weight: 600;\">crise climatique<\/span> en utilisant l\u2019intelligence artificielle.<\/span>\n<\/p><p  class=\"lead\"><span  style=\"font-weight: 700;\">\n<br >CLIMATE CHANGE AI HACKATHON<\/span><\/p><p  class=\"\"><span  style=\"color: rgb(60, 66, 79);\">Le th\u00e8me de ce celui-ci portait sur des probl\u00e9matiques li\u00e9es aux <span  style=\"font-weight: 600;\">changements climatiques<\/span> de mani\u00e8re g\u00e9n\u00e9rale.\n<\/span><\/p><a class=\"button color1\" href=\"https:\/\/launchlab.ai\/fr\/climate-change-ai-hackathon\/\" target=\"_self\" data-cp-link=\"1\" data-icon=\"\" rel=\"noopener\">consultez les projets<\/a><\/div>\n        <\/div>\n        <div  class=\"row center-xs middle-xs\">\n            <div  class=\"col-sm-9\" data-type=\"column\"> <\/div>\n        <\/div>\n    <\/div>\n<\/div><div  data-label=\"Features\" data-id=\"features--1\" data-export-id=\"features-13\" data-category=\"features\" class=\"features-13 content-section content-section-spacing\" id=\"features-1\" style=\"background-color: rgb(255, 255, 255); background-image: none;\">\n    <div  class=\"gridContainer\">\n        <div  class=\"row text-center\">\n            <div  class=\"section-title-col\" data-type=\"column\">\n                <h2  class=\"\"><span  style=\"color: rgb(52, 58, 64); font-weight: 400;\">TYPES DE BILLETS<\/span><\/h2>\n            <\/div>\n        <\/div>\n        <div  class=\"row spaced-cols center-sm content-center-sm\" data-type=\"row\">\n            <div  class=\"col col-sm-6 space-bottom col-md-4\"> <i  class=\"fa icon fa-user-circle-o large color6\"><\/i>\n                <h4  class=\"\"><span  style=\"color: rgb(3, 169, 244);\">PARTICIPANT<\/span><\/h4>\n                <p  class=\"\">Ce billet donne acc\u00e8s \u00e0 la participation au hackathon, sous r\u00e9serve de votre s\u00e9lection sur la base de votre formulaire de candidature.&nbsp;<\/p>\n            <\/div>\n            <div  class=\"col col-sm-6 space-bottom col-md-4\"><i  class=\"fa icon fa-eye large color6\"><\/i>\n                <h4  class=\"\"><span  style=\"color: rgb(3, 169, 244);\">SPECTATEUR<\/span><\/h4>\n                <p  class=\"\">Ce billet donne acc\u00e8s \u00e0 la salle en tant que spectateur et permet d\u2019assister aux discussions et aux pr\u00e9sentations des orateurs principaux.<\/p>\n            <\/div>\n            <div  class=\"col col-sm-6 space-bottom col-md-4\"><i  class=\"fa icon fa-flag-o large color6\"><\/i>\n                <h4  class=\"\"><span  style=\"color: rgb(3, 169, 244);\">SUPPORTER<\/span><\/h4>\n                <p  class=\"\">Ce billet donne acc\u00e8s aux spectateurs qui d\u00e9sirent soutenir l\u2019\u00e9v\u00e9nement en aidant \u00e0 financer la nourriture et la logistique n\u00e9cessaire aux participants. AI Launch Lab est un organisme \u00e0 but non lucratif et n\u2019utilisera pas ces fonds \u00e0 d\u2019autres fins.<\/p>\n            <\/div>\n        <\/div>\n    <\/div>\n<\/div><div  data-label=\"Content\" data-id=\"content--4\" data-export-id=\"content-12\" data-category=\"content\" class=\"content-12 content-section content-section-spacing\" id=\"content-4\" style=\"background-color: rgb(255, 255, 255); background-image: none;\">\n    <div  class=\"\">\n        <div  class=\"row text-center\">\n            <div  class=\"section-title-col\" data-type=\"column\">\n                <h2  class=\"\"><span  style=\"font-weight: 300; color: rgb(60, 66, 79);\">DEVENIR PARRAIN<\/span><\/h2>\n                <p  class=\"lead\"><span  style=\"color: rgb(107, 124, 147);\">Nous proposons diff\u00e9rents forfaits de parrainage et avantages.<\/span><\/p><a class=\"button big color1 outline\" href=\"https:\/\/launchlab.ai\/fr\/partnership\/\" target=\"_self\" data-cp-link=\"1\" data-icon=\"\" rel=\"noopener noreferrer\">parrainage<\/a>\n            <\/div>\n        <\/div>\n        <div  class=\"row center-xs middle-xs\">\n            <div  class=\"col-sm-9\" data-type=\"column\"> <\/div>\n        <\/div>\n    <\/div>\n<\/div><div  data-label=\"Content\" data-id=\"content--5\" data-export-id=\"content-12\" data-category=\"content\" class=\"content-12 content-section content-section-spacing\" id=\"content-5\" style=\"background-color: rgb(255, 255, 255); background-image: url(&quot;https:\/\/ailaunchlab.wpengine.com\/wp-content\/uploads\/2021\/03\/Copy-of-Copy-of-Copy-of-Copy-of-Climate-Change-AI-Hackathon-2020-4-1.jpg&quot;); background-size: cover; background-position: center top;\" data-section-ov=\"1\">\n    <div  class=\"gridContainer\">\n        <div  class=\"row center-xs middle-xs\">\n            <div  class=\"col-sm-9\" data-type=\"column\">\n                <p  class=\"\" style=\"text-align: right;\"><span  style=\"font-weight: 300;\">.<\/span><\/p>\n            <\/div>\n        <\/div>\n    <\/div>\n<\/div>","protected":false},"excerpt":{"rendered":"<p>AI LAUNCH LABHackathons en AIaidez nous \u00e0 faire la diff\u00e9rencenotre mission Qu\u2019est-ce que les Hackathons en Intelligence artificielle? Les Hackathons en IA sont des \u00e9v\u00e9nements de 48h qui rassemblent des d\u00e9butants et experts pour r\u00e9soudre des challenges abordants des probl\u00e8mes actuels relatifs \u00e0 l\u2019IA. Lors de nos \u00e9v\u00e9nements pr\u00e9c\u00e9dents, les diff\u00e9rentes teams ont travaill\u00e9 en&hellip; <br \/> <a class=\"read-more\" href=\"https:\/\/launchlab.ai\/fr\/hackathon\/\">Read more<\/a><\/p>\n","protected":false},"author":1,"featured_media":0,"parent":0,"menu_order":0,"comment_status":"closed","ping_status":"closed","template":"pro\/page-templates\/page-with-small-header.php","meta":{"footnotes":""},"class_list":["post-2966","page","type-page","status-publish","hentry"],"_links":{"self":[{"href":"https:\/\/launchlab.ai\/fr\/wp-json\/wp\/v2\/pages\/2966","targetHints":{"allow":["GET"]}}],"collection":[{"href":"https:\/\/launchlab.ai\/fr\/wp-json\/wp\/v2\/pages"}],"about":[{"href":"https:\/\/launchlab.ai\/fr\/wp-json\/wp\/v2\/types\/page"}],"author":[{"embeddable":true,"href":"https:\/\/launchlab.ai\/fr\/wp-json\/wp\/v2\/users\/1"}],"replies":[{"embeddable":true,"href":"https:\/\/launchlab.ai\/fr\/wp-json\/wp\/v2\/comments?post=2966"}],"version-history":[{"count":0,"href":"https:\/\/launchlab.ai\/fr\/wp-json\/wp\/v2\/pages\/2966\/revisions"}],"wp:attachment":[{"href":"https:\/\/launchlab.ai\/fr\/wp-json\/wp\/v2\/media?parent=2966"}],"curies":[{"name":"wp","href":"https:\/\/api.w.org\/{rel}","templated":true}]}}