{"id":2967,"date":"2019-07-31T03:32:00","date_gmt":"2019-07-31T03:32:00","guid":{"rendered":"http:\/\/ailaunchlab.offline-test9.com\/mesmerize\/"},"modified":"2026-03-26T21:07:07","modified_gmt":"2026-03-26T21:07:07","slug":"mesmerize","status":"publish","type":"page","link":"https:\/\/launchlab.ai\/fr\/","title":{"rendered":"Premi\u00e8re page"},"content":{"rendered":"<div  data-label=\"Clients\" data-id=\"clients--3\" data-export-id=\"clients-4\" data-category=\"clients\" class=\"clients-4 content-section content-section-spacing-small content-relative\" id=\"clients-3\" style=\"background-color: rgb(255, 255, 255); background-image: none;\">\n    <div  class=\"gridContainer\">\n        <div  class=\"row\">\n            <div  data-type=\"column\" class=\"section-title-col\">\n                <h3  class=\"\">Nos partenaires en recherche et d\u00e9veloppement en l\u2019IA<\/h3>\n            <\/div>\n        <\/div>\n        <div  data-type=\"row\" class=\"row spaced-cols middle-xs center-xs space-bottom padding-lr\">\n            <div  class=\"col-xs-6 col-sm-2 col-md-2\"> <a  data-cp-link=\"1\" href=\"https:\/\/www.ubisoft.com\/en-ca\" class=\"\" target=\"_self\" rel=\"noopener noreferrer\"><img  decoding=\"async\" loading=\"lazy\" src=\"https:\/\/i2.wp.com\/launchlab.ai\/wp-content\/uploads\/2019\/10\/ubisoft-logo-115309624714q2n6bqy4h-copy.png?zoom=2&amp;w=3840&amp;ssl=1\" class=\"\" alt=\"\" title=\"ubisoft-logo-115309624714q2n6bqy4h copy\" width=\"120\" height=\"110\" src-orig=\"https:\/\/i2.wp.com\/launchlab.ai\/wp-content\/uploads\/2019\/10\/ubisoft-logo-115309624714q2n6bqy4h-copy.png?w=3840&amp;ssl=1\" scale=\"2\"><\/a><\/div>\n            <div  class=\"col-xs-6 col-sm-2 col-md-2\"> <a  data-cp-link=\"1\" href=\"https:\/\/ova.ai\" class=\"\" target=\"_self\" rel=\"noopener noreferrer\"><img  decoding=\"async\" loading=\"lazy\" src=\"https:\/\/i0.wp.com\/launchlab.ai\/wp-content\/uploads\/2019\/10\/IMG_3164.png?zoom=2&amp;w=3840&amp;ssl=1\" class=\"\" alt=\"\" title=\"IMG_3164\" width=\"120\" height=\"45\" src-orig=\"https:\/\/i0.wp.com\/launchlab.ai\/wp-content\/uploads\/2019\/10\/IMG_3164.png?w=3840&amp;ssl=1\" scale=\"2\"><\/a><\/div>\n            <div  class=\"col-xs-6 col-sm-2 col-md-2\"> <a  data-cp-link=\"1\" href=\"https:\/\/funartech.com\" class=\"\" target=\"_self\" rel=\"noopener noreferrer\"><img  decoding=\"async\" loading=\"lazy\" src=\"https:\/\/i1.wp.com\/launchlab.ai\/wp-content\/uploads\/2019\/10\/cropped-logo_funartech_H.png?zoom=2&amp;w=3840&amp;ssl=1\" class=\"\" alt=\"\" title=\"cropped-logo_funartech_H.png\" width=\"120\" height=\"17\" src-orig=\"https:\/\/i1.wp.com\/launchlab.ai\/wp-content\/uploads\/2019\/10\/cropped-logo_funartech_H.png?w=3840&amp;ssl=1\" scale=\"2\"><\/a><\/div>\n            <div  class=\"col-xs-6 col-sm-2 col-md-2\"> <a  data-cp-link=\"1\" href=\"https:\/\/www.goarthur.ai\" class=\"\" target=\"_self\" rel=\"noopener noreferrer\"><img  decoding=\"async\" loading=\"lazy\" src=\"https:\/\/i2.wp.com\/launchlab.ai\/wp-content\/uploads\/2019\/10\/cropped-logo-withPadding-ConcordAi.png?zoom=2&amp;w=3840&amp;ssl=1\" class=\"\" alt=\"\" title=\"cropped-logo-withPadding-ConcordAi.png\" width=\"120\" height=\"33\" src-orig=\"https:\/\/i2.wp.com\/launchlab.ai\/wp-content\/uploads\/2019\/10\/cropped-logo-withPadding-ConcordAi.png?w=3840&amp;ssl=1\" scale=\"2\"><\/a><\/div>\n            <div  class=\"col-xs-6 col-sm-2 col-md-2\"> <a  data-cp-link=\"1\" href=\"https:\/\/www.itinerum.ca\" class=\"\" target=\"_self\" rel=\"noopener noreferrer\"><img  decoding=\"async\" loading=\"lazy\" src=\"https:\/\/i1.wp.com\/launchlab.ai\/wp-content\/uploads\/2019\/10\/cropped-itinerum_wordmark_blue-2.png?zoom=2&amp;w=3840&amp;ssl=1\" class=\"\" alt=\"\" title=\"logo-galilei-charcoal-txt-01\" width=\"120\" height=\"94\" src-orig=\"https:\/\/i1.wp.com\/launchlab.ai\/wp-content\/uploads\/2019\/10\/cropped-itinerum_wordmark_blue-2.png?w=3840&amp;ssl=1\" scale=\"2\"><\/a><\/div>\n            <div  class=\"col-xs-6 col-sm-2 col-md-2\"> <a  data-cp-link=\"1\" href=\"https:\/\/galilei.ca\" class=\"\" target=\"_self\" rel=\"noopener noreferrer\"><img  decoding=\"async\" loading=\"lazy\" src=\"https:\/\/i0.wp.com\/launchlab.ai\/wp-content\/uploads\/2019\/10\/logo-galilei.png?zoom=2&amp;w=3840&amp;ssl=1\" class=\"\" alt=\"\" title=\"cropped-itinerum_wordmark_blue.png\" width=\"120\" height=\"67\" src-orig=\"https:\/\/i0.wp.com\/launchlab.ai\/wp-content\/uploads\/2019\/10\/logo-galilei.png?w=3840&amp;ssl=1\" scale=\"2\"><\/a><\/div>\n            <div  class=\"col-xs-6 col-sm-2 col-md-2\"> <a  data-cp-link=\"1\" href=\"https:\/\/www.v1.studio\" class=\"\" target=\"_self\" rel=\"noopener noreferrer\"><img  decoding=\"async\" loading=\"lazy\" src=\"https:\/\/i2.wp.com\/launchlab.ai\/wp-content\/uploads\/2020\/05\/cropped-V1-Logo-Titilium.png?w=3840&amp;ssl=1\" class=\"\" alt=\"\" title=\"ubisoft-logo-115309624714q2n6bqy4h copy\" width=\"87\" height=\"20\"><\/a><\/div>\n        <div  class=\"col-xs-6 col-sm-2 col-md-2\"> <a  data-cp-link=\"1\" href=\"http:\/\/fintechcadence.com\" class=\"\" target=\"_self\" rel=\"noopener noreferrer\"><img  decoding=\"async\" loading=\"lazy\" src=\"https:\/\/launchlab.ai\/wp-content\/uploads\/2022\/05\/cropped-cropped-cropped-FC_Logos_Final-27.png\" class=\"\" alt=\"\" title=\"ubisoft-logo-115309624714q2n6bqy4h copy\" scale=\"2\"><\/a><\/div><div  class=\"col-xs-6 col-sm-2 col-md-2\"> <a  data-cp-link=\"1\" href=\"http:\/\/ivado.ca\" class=\"\" target=\"_self\" rel=\"noopener noreferrer\"><img  decoding=\"async\" loading=\"lazy\" src=\"https:\/\/launchlab.ai\/wp-content\/uploads\/2022\/05\/cropped-cropped-ivado-cmyk_logo-full-degrade-730x245-1.png\" class=\"\" alt=\"\" title=\"ubisoft-logo-115309624714q2n6bqy4h copy\" scale=\"2\"><\/a><\/div><div  class=\"col-xs-6 col-sm-2 col-md-2\"> <a  data-cp-link=\"1\" href=\"http:\/\/consiliumcrypto.ai\" class=\"\" target=\"_self\" rel=\"noopener noreferrer\"><img  decoding=\"async\" loading=\"lazy\" src=\"https:\/\/launchlab.ai\/wp-content\/uploads\/2022\/05\/cropped-consilium-crypto-logo-gray.png\" class=\"\" alt=\"\" title=\"ubisoft-logo-115309624714q2n6bqy4h copy\" scale=\"2\"><\/a><\/div><div  class=\"col-xs-6 col-sm-2 col-md-2\"> <a  data-cp-link=\"1\" href=\"http:\/\/ai4good.org\" class=\"\" target=\"_self\" rel=\"noopener noreferrer\"><img  decoding=\"async\" loading=\"lazy\" src=\"https:\/\/launchlab.ai\/wp-content\/uploads\/2022\/05\/cropped-ai-for-good-foundation-logog-grey.png\" class=\"\" alt=\"\" title=\"ubisoft-logo-115309624714q2n6bqy4h copy\" scale=\"2\"><\/a><\/div><div  class=\"col-xs-6 col-sm-2 col-md-2\"> <a  data-cp-link=\"1\" href=\"http:\/\/mtlgreen.com\" class=\"\" target=\"_self\" rel=\"noopener noreferrer\"><img  decoding=\"async\" loading=\"lazy\" src=\"https:\/\/launchlab.ai\/wp-content\/uploads\/2022\/05\/cropped-cropped-mtlgreen-1024x1024-1-1.png\" class=\"\" alt=\"\" title=\"ubisoft-logo-115309624714q2n6bqy4h copy\" scale=\"2\"><\/a><\/div><div  class=\"col-xs-6 col-sm-2 col-md-2\"> <a  data-cp-link=\"1\" href=\"http:\/\/korbit.ai\" class=\"\" target=\"_self\" rel=\"noopener noreferrer\"><img  decoding=\"async\" loading=\"lazy\" src=\"https:\/\/launchlab.ai\/wp-content\/uploads\/2022\/05\/cropped-korbit_owler_20191003_023619_original.png\" class=\"\" alt=\"\" title=\"ubisoft-logo-115309624714q2n6bqy4h copy\" scale=\"2\"><\/a><\/div><div  class=\"col-xs-6 col-sm-2 col-md-2\"> <a  data-cp-link=\"1\" href=\"http:\/\/dawsoncollege.qc.ca\" class=\"\" target=\"_self\" rel=\"noopener noreferrer\"><img  decoding=\"async\" loading=\"lazy\" src=\"https:\/\/launchlab.ai\/wp-content\/uploads\/2022\/05\/cropped-Logo-Progression-v3.jpg\" class=\"\" alt=\"\" title=\"ubisoft-logo-115309624714q2n6bqy4h copy\" scale=\"2\"><\/a><\/div><div  class=\"col-xs-6 col-sm-2 col-md-2\"> <a  data-cp-link=\"1\" href=\"http:\/\/cifar.ca\" class=\"\" target=\"_self\" rel=\"noopener noreferrer\"><img  decoding=\"async\" loading=\"lazy\" src=\"https:\/\/launchlab.ai\/wp-content\/uploads\/2022\/05\/cropped-cifar-logo.png\" class=\"\" alt=\"\" title=\"ubisoft-logo-115309624714q2n6bqy4h copy\" scale=\"2\"><\/a><\/div><div  class=\"col-xs-6 col-sm-2 col-md-2\"> <a  data-cp-link=\"1\" href=\"https:\/\/www.economie.gouv.qc.ca\/accueil\" class=\"\" target=\"_self\" rel=\"noopener noreferrer\"><img  decoding=\"async\" loading=\"lazy\" src=\"https:\/\/launchlab.ai\/wp-content\/uploads\/2021\/04\/cropped-Copy-of-RD-Program-1.png\" class=\"\" alt=\"\" title=\"ubisoft-logo-115309624714q2n6bqy4h copy\" scale=\"2\"><\/a><\/div><div  class=\"col-xs-6 col-sm-2 col-md-2\"> <a  data-cp-link=\"1\" href=\"https:\/\/www.bdc.ca\/en\" class=\"\" target=\"_self\" rel=\"noopener noreferrer\"><img  decoding=\"async\" loading=\"lazy\" src=\"https:\/\/launchlab.ai\/wp-content\/uploads\/2022\/05\/BDC_Logo_Horiz_RGB.png\" class=\"\" alt=\"\" title=\"ubisoft-logo-115309624714q2n6bqy4h copy\" scale=\"2\"><\/a><\/div><div  class=\"col-xs-6 col-sm-2 col-md-2\"> <a  data-cp-link=\"1\" href=\"https:\/\/realventures.com\" class=\"\" target=\"_self\" rel=\"noopener noreferrer\"><img  decoding=\"async\" loading=\"lazy\" src=\"https:\/\/launchlab.ai\/wp-content\/uploads\/2022\/05\/Logo_Real_Green.png\" class=\"\" alt=\"\" title=\"ubisoft-logo-115309624714q2n6bqy4h copy\" scale=\"2\"><\/a><\/div><div  class=\"col-xs-6 col-sm-2 col-md-2\"> <a  data-cp-link=\"1\" href=\"https:\/\/aws.amazon.com\" class=\"\" target=\"_self\" rel=\"noopener noreferrer\"><img  decoding=\"async\" loading=\"lazy\" src=\"https:\/\/launchlab.ai\/wp-content\/uploads\/2022\/05\/2000px-Amazon_Web_Services_Logo.svg_.png\" class=\"\" alt=\"\" title=\"ubisoft-logo-115309624714q2n6bqy4h copy\" scale=\"2\"><\/a><\/div><div  class=\"col-xs-6 col-sm-2 col-md-2\"> <a  data-cp-link=\"1\" href=\"https:\/\/mila.quebec\" class=\"\" target=\"_self\" rel=\"noopener noreferrer\"><img  decoding=\"async\" loading=\"lazy\" src=\"https:\/\/launchlab.ai\/wp-content\/uploads\/2022\/05\/Logo_Mila_horizontal.png\" class=\"\" alt=\"\" title=\"ubisoft-logo-115309624714q2n6bqy4h copy\" scale=\"2\"><\/a><\/div><div  class=\"col-xs-6 col-sm-2 col-md-2\"> <a  data-cp-link=\"1\" href=\"https:\/\/www.nebula-ai.com\" class=\"\" target=\"_self\" rel=\"noopener noreferrer\"><img  decoding=\"async\" loading=\"lazy\" src=\"https:\/\/launchlab.ai\/wp-content\/uploads\/2022\/05\/image-3.png\" class=\"\" alt=\"\" title=\"ubisoft-logo-115309624714q2n6bqy4h copy\" scale=\"2\"><\/a><\/div><div  class=\"col-xs-6 col-sm-2 col-md-2\"> <a  data-cp-link=\"1\" href=\"https:\/\/frontrow.ventures\" class=\"\" target=\"_self\" rel=\"noopener noreferrer\"><img  decoding=\"async\" loading=\"lazy\" src=\"https:\/\/launchlab.ai\/wp-content\/uploads\/2022\/05\/frv-black-vertical.png\" class=\"\" alt=\"\" title=\"ubisoft-logo-115309624714q2n6bqy4h copy\" scale=\"2\"><\/a><\/div><\/div>\n    <\/div>\n<\/div><div  data-label=\"Content\" data-id=\"content--10\" data-export-id=\"content-2\" data-category=\"content\" class=\"content-2 content-section content-section-spacing content-relative\" id=\"content-10\" style=\"background-color: rgba(255, 255, 255, 0); background-image: none;\">\n    <div >\n        <div  class=\"row middle-xs\">\n            <div  class=\"col-sm-5 bg-image shadow-large-black\" data-bg=\"image\" style=\"background-image: url(&quot;https:\/\/ailaunchlab.wpengine.com\/wp-content\/uploads\/2022\/05\/Screen-Shot-2022-05-17-at-4.00.42-PM.png&quot;);\"><\/div>\n            <div  class=\"col-sm-7 full-col-left-padding full-col-right-padding\">\n                <div  class=\"row\">\n                    <div  data-type=\"column\" class=\"space-bottom-small content-title-col\">\n                        \n                        <h2  class=\"\"><span  style=\"font-weight: 900; color: rgb(68, 184, 251);\"><span  style=\"font-family: Muli, arial, helvetica, sans-serif;\">Impact<\/span><span  id=\"_mce_caret\" data-mce-bogus=\"1\" data-mce-type=\"format-caret\">\ufeff<\/span><\/span><span  id=\"_mce_caret\" data-mce-bogus=\"1\" data-mce-type=\"format-caret\"><span  style=\"font-weight: 900;\">\ufeff<\/span><\/span><\/h2><h2  class=\"\"><span  style=\"font-weight: 700;\">Notre bilan \u00e0 ce jour<\/span><\/h2>\n                    <\/div>\n                <\/div>\n                <div  class=\"row spaced-cols \" data-type=\"row\">\n                    <div  class=\"col-xs-6\" data-type=\"column\">\n                        \n                        <h2  class=\"\"><span  style=\"color: rgb(68, 184, 251);\">&gt;50,000<\/span><\/h2><p  class=\"\">Heures travaill\u00e9es par la cohorte <b >de notre programme<\/b> de recherche et d\u00e9veloppement en IA<\/p>\n                    <\/div>\n                    <div  class=\"col-xs-6\" data-type=\"column\">\n                        \n                        <h2  class=\"\"><span  style=\"color: rgb(3, 169, 244); font-weight: 600;\">&gt;75%<\/span><\/h2><p  class=\"\">Taux de participation pour les groupes sous-repr\u00e9sent\u00e9s dans le milieu de la technologie<\/p>\n                    <\/div>\n                    <div  class=\"col-xs-6\" data-type=\"column\">\n                        \n                        <h2  class=\"\"><span  style=\"color: rgb(68, 184, 251);\">&gt;2,500<\/span><\/h2><p  class=\"\">Nombre de participants et participantes inscrits <b >\u00e0 notre programme de recherche et d\u00e9veloppement<\/b> ou au hackathon<\/p>\n                    <\/div>\n                    \n                    <div  class=\"col-xs-6\" data-type=\"column\">\n                        \n                        <h2  class=\"\"><span  style=\"color: rgb(68, 184, 251);\">17<\/span><\/h2><p  class=\"\">Projets r\u00e9alis\u00e9s en recherche et d\u00e9veloppement<\/p>\n                    <\/div>\n                    \n                <\/div>\n            <\/div>\n        <\/div>\n    <\/div>\n<\/div><div  data-label=\"Features\" data-id=\"features--1\" data-export-id=\"features-12\" data-category=\"features\" class=\"features-12 content-section content-section-spacing content-relative\" id=\"features-1\" style=\"background-color: rgb(255, 255, 255); background-image: none;\"><div  class=\"gridContainer\"> <div  class=\"row text-center\"><div  class=\"section-title-col\" data-type=\"column\"> <h2  class=\"\"><span  style=\"font-weight: 900; color: rgb(68, 184, 251);\">D\u00e9fIs \u00e0 relever<\/span><\/h2> <h2  class=\"\"><span  style=\"font-weight: 700;\">Pourquoi accordons-nous autant d\u2019importance \u00e0 cette question?<\/span><\/h2><p  class=\"lead\">\u201c\u00c0 Washington DC seulement on cherchera \u00e0 embaucher 105 000 employ\u00e9s et employ\u00e9es avec des comp\u00e9tences vari\u00e9es en IA\u2026 Tous les \u00e9tablissements d\u2019enseignement d\u2019Am\u00e9rique du Nord r\u00e9unis ne pourraient pas produire ce nombre de dipl\u00f4m\u00e9s et dipl\u00f4m\u00e9es pour r\u00e9pondre uniquement aux besoins de cette ville.\u201d\n<br ><br >Naguib Attia, PhD et vice-pr\u00e9sident de IBM<\/p><\/div> <\/div> <div  class=\"row spaced-cols\" data-type=\"row\"> <div  class=\"col-sm-6\"> <div  class=\"row space-bottom\"> <div  class=\"col-sm-fit icon-column\" data-preview-empty=\"1\">  <\/div> <div  class=\"col-sm\" data-type=\"column\">  <h4  class=\"\"><span  style=\"font-weight: 900;\">Recrutement<\/span><\/h4><p  class=\"\">Utilisation d\u2019outils et de m\u00e9thodes inefficaces pour \u00e9valuer et recruter de nouveaux talents<\/p><\/div> <\/div><\/div> <div  class=\"col-sm-6\"><div  class=\"row space-bottom\"> <div  class=\"col-sm-fit icon-column\" data-preview-empty=\"1\"><\/div> <div  class=\"col-sm\" data-type=\"column\"><h4  class=\"\">Talent<\/h4> <p  class=\"\">Raret\u00e9 de main d\u2019\u0153uvre qualifi\u00e9e et de possibilit\u00e9s de formation en IA<\/p><\/div> <\/div><\/div>   <div  class=\"col-sm-6\"> <div  class=\"row space-bottom\"> <div  class=\"col-sm-fit icon-column\" data-preview-empty=\"1\">  <\/div> <div  class=\"col-sm\" data-type=\"column\">  <h4  class=\"\"><span  style=\"font-weight: 900;\">Comp\u00e9tences modernes et actualis\u00e9es<\/span><\/h4><p  class=\"\">Syst\u00e8me d\u2019\u00e9ducation mal pr\u00e9par\u00e9 pour former des dipl\u00f4m\u00e9s et dipl\u00f4m\u00e9es avec des comp\u00e9tences de type 4.0 requises par l\u2019industrie<\/p><\/div> <\/div><\/div><div  class=\"col-sm-6\"> <div  class=\"row space-bottom\"> <div  class=\"col-sm-fit icon-column\" data-preview-empty=\"1\">  <\/div> <div  class=\"col-sm\" data-type=\"column\">  <h4  class=\"\">Le Canada en retard<\/h4><p  class=\"\">Les entreprises canadiennes tardent \u00e0 implanter l\u2019IA et 85% des projets d\u2019IA \u00e9chouent<\/p><\/div> <\/div><\/div><div  class=\"col-sm-6\"> <div  class=\"row space-bottom\"> <div  class=\"col-sm-fit icon-column\" data-preview-empty=\"1\">  <\/div> <div  class=\"col-sm\" data-type=\"column\">  <h4  class=\"\">Impact social de l\u2019IA<\/h4><p  class=\"\">Utilisation inad\u00e9quate de l\u2019intelligence artificielle pour favoriser le bien public et l\u2019adoption des meilleures pratiques<\/p><\/div> <\/div><\/div><div  class=\"col-sm-6\"> <div  class=\"row space-bottom\"> <div  class=\"col-sm-fit icon-column\" data-preview-empty=\"1\">  <\/div> <div  class=\"col-sm\" data-type=\"column\">  <h4  class=\"\">Diversit\u00e9<\/h4><p  class=\"\">Le taux de diversit\u00e9 dans les milieux de la technologie et de l\u2019IA est lamentablement bas<\/p><\/div> <\/div><\/div><\/div><\/div> <\/div><div  data-label=\"Content\" data-id=\"content--13\" data-export-id=\"content-12\" data-category=\"content\" class=\"content-12 content-section content-section-spacing content-relative\" id=\"content-13\" style=\"background-color: rgb(255, 255, 255); background-image: none;\"><div  class=\"gridContainer\"> <div  class=\"row text-center\"><div  class=\"section-title-col\" data-type=\"column\"> <h2  class=\"\"><span  style=\"font-weight: 900;\">Quels sont les enjeux?<\/span><\/h2> <p  class=\"lead\"><span  style=\"font-weight: 300;\">La future comp\u00e9titivit\u00e9 de l\u2019\u00e9conomie canadienne d\u00e9pendra largement de sa capacit\u00e9 de favoriser l\u2019adoption de l\u2019IA, \u00e9largir son bassin de main d\u2019\u0153uvre sp\u00e9cialis\u00e9e en IA et aider les nouvelles entreprises locales \u00e0 concurrencer les g\u00e9ants de l\u2019industrie am\u00e9ricaine et chinoise \u00e0 l\u2019\u00e9chelle internationale.<br ><span  style=\"color: rgb(3, 169, 244); font-weight: 700;\">Unissons-nous pour avancer ensemble.<\/span><\/span><\/p><\/div> <\/div> <div  class=\"row center-xs middle-xs\"> <div  class=\"col-sm-9\" data-type=\"column\"> <\/div> <\/div><\/div> <\/div><div  data-label=\"Clients\" data-id=\"clients--2\" data-export-id=\"clients-4\" data-category=\"clients\" class=\"clients-4 content-section content-section-spacing-small content-relative\" id=\"clients-2\" style=\"background-color: rgb(255, 255, 255); background-image: none;\">\n    <div  class=\"gridContainer\">\n        <div  class=\"row\">\n            <div  data-type=\"column\" class=\"section-title-col\">\n                <h3  class=\"\"><span  style=\"color: rgb(107, 124, 147); font-weight: 400;\">Nos partenaires fondateurs<\/span><\/h3>\n            <\/div>\n        <\/div>\n        <div  data-type=\"row\" class=\"row spaced-cols middle-xs center-xs space-bottom padding-lr\">\n            <div  class=\"col-xs-6 col-sm-2 col-md-2\"> <a  data-cp-link=\"1\" href=\"http:\/\/d3center.ca\" class=\"\" target=\"_self\" rel=\"noopener noreferrer\"><img  decoding=\"async\" loading=\"lazy\" src=\"https:\/\/i2.wp.com\/launchlab.ai\/wp-content\/uploads\/2020\/02\/cropped-82870236_2650072625108374_6963133965347586048_o.png?w=3840&amp;ssl=1\" class=\"\" alt=\"\" title=\"Concordia_Logo2\" width=\"93\" height=\"53\"><\/a><\/div>\n            \n            <div  class=\"col-xs-6 col-sm-2 col-md-2\"> <img  decoding=\"async\" loading=\"lazy\" src=\"https:\/\/i0.wp.com\/launchlab.ai\/wp-content\/uploads\/2019\/10\/cropped-AISC-LOGO-3small-4-scaled.png?zoom=2&amp;w=3840&amp;ssl=1\" class=\"\" alt=\"\" title=\"cropped-AISC-LOGO-3small-4.png\" width=\"112\" height=\"45\" src-orig=\"https:\/\/i0.wp.com\/launchlab.ai\/wp-content\/uploads\/2019\/10\/cropped-AISC-LOGO-3small-4-scaled.png?w=3840&amp;ssl=1\" scale=\"2\"><\/div>\n            <div  class=\"col-xs-6 col-sm-2 col-md-2\"> <a  data-cp-link=\"1\" href=\"http:\/\/concordia.ca\" class=\"\" target=\"_self\" rel=\"noopener noreferrer\"><img  decoding=\"async\" loading=\"lazy\" src=\"https:\/\/i0.wp.com\/launchlab.ai\/wp-content\/uploads\/2019\/10\/Concordia_Logo2.png?zoom=2&amp;w=3840&amp;ssl=1\" class=\"\" alt=\"\" title=\"Concordia_Logo2\" width=\"112\" height=\"30\" src-orig=\"https:\/\/i0.wp.com\/launchlab.ai\/wp-content\/uploads\/2019\/10\/Concordia_Logo2.png?w=3840&amp;ssl=1\" scale=\"2\"><\/a><\/div>\n            <div  class=\"col-xs-6 col-sm-2 col-md-2\"> <a  data-cp-link=\"1\" href=\"http:\/\/catallaxy.rcgt.com\" class=\"\" target=\"_self\" rel=\"noopener noreferrer\"><img  decoding=\"async\" loading=\"lazy\" src=\"https:\/\/i0.wp.com\/launchlab.ai\/wp-content\/uploads\/2019\/10\/cropped-Catallaxy-bleu-5.png?zoom=2&amp;w=3840&amp;ssl=1\" class=\"\" alt=\"\" title=\"Concordia_Logo2\" width=\"112\" height=\"54\" src-orig=\"https:\/\/i0.wp.com\/launchlab.ai\/wp-content\/uploads\/2019\/10\/cropped-Catallaxy-bleu-5.png?w=3840&amp;ssl=1\" scale=\"2\"><\/a><\/div>\n            <div  class=\"col-xs-6 col-sm-2 col-md-2\"> <a  data-cp-link=\"1\" href=\"https:\/\/www.csu.qc.ca\" class=\"\" target=\"_self\" rel=\"noopener noreferrer\"><img  decoding=\"async\" loading=\"lazy\" src=\"https:\/\/launchlab.ai\/wp-content\/uploads\/2022\/05\/cropped-CSU_logo_Colored.png\" class=\"\" alt=\"\" title=\"Concordia_Logo2\" scale=\"2\"><\/a><\/div>\n        <\/div>\n    <\/div>\n<\/div>","protected":false},"excerpt":{"rendered":"<p>Nos partenaires en recherche et d\u00e9veloppement en l\u2019IA Impact\ufeff\ufeffNotre bilan \u00e0 ce jour &gt;50,000Heures travaill\u00e9es par la cohorte de notre programme de recherche et d\u00e9veloppement en IA &gt;75%Taux de participation pour les groupes sous-repr\u00e9sent\u00e9s dans le milieu de la technologie &gt;2,500Nombre de participants et participantes inscrits \u00e0 notre programme de recherche et d\u00e9veloppement ou au&hellip; <br \/> <a class=\"read-more\" href=\"https:\/\/launchlab.ai\/fr\/\">Read more<\/a><\/p>\n","protected":false},"author":1,"featured_media":0,"parent":0,"menu_order":0,"comment_status":"closed","ping_status":"closed","template":"page-templates\/homepage.php","meta":{"footnotes":""},"class_list":["post-2967","page","type-page","status-publish","hentry"],"_links":{"self":[{"href":"https:\/\/launchlab.ai\/fr\/wp-json\/wp\/v2\/pages\/2967","targetHints":{"allow":["GET"]}}],"collection":[{"href":"https:\/\/launchlab.ai\/fr\/wp-json\/wp\/v2\/pages"}],"about":[{"href":"https:\/\/launchlab.ai\/fr\/wp-json\/wp\/v2\/types\/page"}],"author":[{"embeddable":true,"href":"https:\/\/launchlab.ai\/fr\/wp-json\/wp\/v2\/users\/1"}],"replies":[{"embeddable":true,"href":"https:\/\/launchlab.ai\/fr\/wp-json\/wp\/v2\/comments?post=2967"}],"version-history":[{"count":0,"href":"https:\/\/launchlab.ai\/fr\/wp-json\/wp\/v2\/pages\/2967\/revisions"}],"wp:attachment":[{"href":"https:\/\/launchlab.ai\/fr\/wp-json\/wp\/v2\/media?parent=2967"}],"curies":[{"name":"wp","href":"https:\/\/api.w.org\/{rel}","templated":true}]}}