{"id":4203,"date":"2021-08-19T19:08:39","date_gmt":"2021-08-19T19:08:39","guid":{"rendered":"https:\/\/ailaunchlab.wpengine.com\/blog-sur-lia\/"},"modified":"2021-08-19T19:14:40","modified_gmt":"2021-08-19T19:14:40","slug":"blog-sur-lia","status":"publish","type":"page","link":"https:\/\/launchlab.ai\/fr\/blog-sur-lia\/","title":{"rendered":"Blog sur l&rsquo;IA"},"content":{"rendered":"<p><strong>Notre blog sur l&rsquo;IA est en construction!<\/strong><\/p><p>Lancement IA a toujours partag\u00e9 son opinion sur les d\u00e9ficits de formation des talents en IA, le d\u00e9veloppement technologique de l&rsquo;IA et le r\u00f4le de l&rsquo;IA dans les domaines qui l&rsquo;utilisent. Aujourd&rsquo;hui, nous souhaitons repousser ces limites en cr\u00e9ant notre propre blog sur l&rsquo;IA.<\/p><p>L&rsquo;histoire de la r\u00e9ussite de nos anciens \u00e9l\u00e8ves et nos \u00e9ditoriaux ou articles seront bient\u00f4t \u00e0 votre disposition!<\/p><p>Restez \u00e0 l&rsquo;\u00e9coute!<\/p>","protected":false},"excerpt":{"rendered":"<p>Notre blog sur l&rsquo;IA est en construction!Lancement IA a toujours partag\u00e9 son opinion sur les d\u00e9ficits de formation des talents en IA, le d\u00e9veloppement technologique de l&rsquo;IA et le r\u00f4le de l&rsquo;IA dans les domaines qui l&rsquo;utilisent. Aujourd&rsquo;hui, nous souhaitons repousser ces limites en cr\u00e9ant notre propre blog sur l&rsquo;IA.L&rsquo;histoire de la r\u00e9ussite de nos&hellip; <br \/> <a class=\"read-more\" href=\"https:\/\/launchlab.ai\/fr\/blog-sur-lia\/\">Read more<\/a><\/p>\n","protected":false},"author":1,"featured_media":0,"parent":0,"menu_order":0,"comment_status":"closed","ping_status":"closed","template":"pro\/page-templates\/full-width-page.php","meta":{"footnotes":""},"class_list":["post-4203","page","type-page","status-publish","hentry"],"_links":{"self":[{"href":"https:\/\/launchlab.ai\/fr\/wp-json\/wp\/v2\/pages\/4203","targetHints":{"allow":["GET"]}}],"collection":[{"href":"https:\/\/launchlab.ai\/fr\/wp-json\/wp\/v2\/pages"}],"about":[{"href":"https:\/\/launchlab.ai\/fr\/wp-json\/wp\/v2\/types\/page"}],"author":[{"embeddable":true,"href":"https:\/\/launchlab.ai\/fr\/wp-json\/wp\/v2\/users\/1"}],"replies":[{"embeddable":true,"href":"https:\/\/launchlab.ai\/fr\/wp-json\/wp\/v2\/comments?post=4203"}],"version-history":[{"count":0,"href":"https:\/\/launchlab.ai\/fr\/wp-json\/wp\/v2\/pages\/4203\/revisions"}],"wp:attachment":[{"href":"https:\/\/launchlab.ai\/fr\/wp-json\/wp\/v2\/media?parent=4203"}],"curies":[{"name":"wp","href":"https:\/\/api.w.org\/{rel}","templated":true}]}}