{"id":2963,"date":"2019-09-01T04:56:35","date_gmt":"2019-09-01T04:56:35","guid":{"rendered":"http:\/\/ailaunchlab.offline-test9.com\/about-us\/"},"modified":"2026-01-13T20:14:39","modified_gmt":"2026-01-13T20:14:39","slug":"a-propos","status":"publish","type":"page","link":"https:\/\/launchlab.ai\/fr\/a-propos\/","title":{"rendered":"\u00c0 PROPOS DE NOUS"},"content":{"rendered":"<div id=\"content-7\" class=\"content-12 content-section content-section-spacing\" style=\"background-color: #ffffff; background-image: url('https:\/\/ailaunchlab.wpengine.com\/wp-content\/uploads\/2019\/10\/2-2.png'); background-size: cover; background-position: center top;\" data-label=\"Content\" data-id=\"content--7\" data-export-id=\"content-12\" data-category=\"content\" data-section-ov=\"1\">\r\n<div class=\"\">\r\n<div class=\"row center-xs middle-xs\">\r\n<div class=\"col-sm-9\" data-type=\"column\">\r\n<h3 class=\"\" style=\"text-align: center;\"><span style=\"font-weight: 300; color: #c8c8c8; font-family: Muli, arial, helvetica, sans-serif;\"><span style=\"color: #fdfdfd; font-weight: bold;\">AI Launch Lab est une organisation \u00e0 but non lucratif qui s&rsquo;efforce de combler les lacunes du Canada en mati\u00e8re de formation, de talents, d&rsquo;adoption et d&rsquo;\u00e9quit\u00e9 dans le domaine de l&rsquo;IA.<\/span><span style=\"color: #fdfdfd; font-weight: bold;\">\r\n<\/span><\/span><\/h3>\r\n<\/div>\r\n<\/div>\r\n<\/div>\r\n<\/div>\r\n<div id=\"about-1\" class=\"about-images-right-section content-section content-section-spacing\" style=\"background-color: #ffffff; background-image: none;\" data-label=\"About\" data-id=\"about--1\" data-export-id=\"about-images-right-section\" data-category=\"about\">\r\n<div class=\"gridContainer\">\r\n<div class=\"row middle-sm text-center\">\r\n<div class=\"col-sm-5 content-left-sm\" data-type=\"column\">\r\n<h5 class=\"\">Si l\u2019IA sera aussi transformatrice que l\u2019\u00e9lectricit\u00e9,<\/h5>\r\nnous devrons tous et toutes y avoir acc\u00e8s\r\n<h2 class=\"\">Nous voulons <span style=\"font-family: 'Playfair Display', sans-serif; font-weight: bold; font-style: italic; color: #3c424f;\">d\u00e9mocratiser l\u2019AI<\/span><\/h2>\r\n<p class=\"\">Lancement IA cherche \u00e0 combler le manque de possibilit\u00e9s de formation et de main d\u2019\u0153uvre qualifi\u00e9e en IA \u00e0 Canada par le recrutement de personnes de grand talent fortement motiv\u00e9es \u00e0 \u0153uvrer dans les domaines de l\u2019IA et de l\u2019apprentissage machine. Nous donnons aux participants et participantes la possibilit\u00e9 d\u2019acqu\u00e9rir une exp\u00e9rience pertinente et des comp\u00e9tences utiles dans ces deux domaines. Nous aidons les participants et participantes \u00e0 se placer dans des entreprises \u00e9tablies ou en d\u00e9marrage o\u00f9 ils et elles peuvent d\u00e9montrer leur expertise d\u2019une fa\u00e7on concr\u00e8te et m\u00eame contribuer \u00e0 repousser les limites de l\u2019IA en collaborant \u00e0 des projets d\u2019innovation ou de recherche et d\u00e9veloppement.<\/p>\r\n\r\n<\/div>\r\n<div class=\"col-sm-7 space-bottom-xs\">\r\n<div class=\"image-group-side-3-img\">\r\n\r\n<img decoding=\"async\" loading=\"lazy\" class=\"topimg shadow-large\" title=\"cropped-11-1.png\" src=\"https:\/\/i2.wp.com\/launchlab.ai\/wp-content\/uploads\/2019\/10\/cropped-11-1.png?zoom=2&amp;w=3840&amp;ssl=1\" alt=\"\" width=\"388\" height=\"206\" \/> <img decoding=\"async\" loading=\"lazy\" class=\"rightimg shadow-large\" title=\"cropped-IMG_0571.jpg\" src=\"https:\/\/i2.wp.com\/launchlab.ai\/wp-content\/uploads\/2019\/10\/cropped-IMG_0571.jpg?zoom=2&amp;w=3840&amp;ssl=1\" alt=\"\" width=\"388\" height=\"257\" \/>\r\n<div class=\"leftimg\"><img decoding=\"async\" loading=\"lazy\" class=\"shadow-large\" title=\"cropped-2-2-2.png\" src=\"https:\/\/i2.wp.com\/launchlab.ai\/wp-content\/uploads\/2019\/10\/cropped-2-2-2.png?zoom=2&amp;w=3840&amp;ssl=1\" alt=\"\" width=\"291\" height=\"217\" \/><\/div>\r\n<\/div>\r\n<\/div>\r\n<\/div>\r\n<\/div>\r\n<\/div>\r\n<div id=\"content-8\" class=\"content-2 content-section content-section-spacing\" style=\"background-color: #ffffff; background-image: none;\" data-label=\"Content\" data-id=\"content--8\" data-export-id=\"content-2\" data-category=\"content\">\r\n<div>\r\n<div class=\"row middle-xs\">\r\n<div class=\"col-sm-5 bg-image shadow-large-black\" style=\"background-image: url('https:\/\/ailaunchlab.wpengine.com\/wp-content\/uploads\/2019\/10\/cropped-14.png');\" data-bg=\"image\"><\/div>\r\n<div class=\"col-sm-7 full-col-left-padding full-col-right-padding\">\r\n<div class=\"row\">\r\n<div class=\"space-bottom-small content-title-col\" data-type=\"column\">\r\n<h5 class=\"\"><span style=\"color: #343a40;\">Quelles sont nos valeurs?<\/span><\/h5>\r\n<h2 class=\"\"><span style=\"color: #03a9f4; font-weight: 900; font-family: Muli, arial, helvetica, sans-serif;\">Principes fondateurs<\/span><\/h2>\r\n<p class=\"\">Lancement IA tient r\u00e9solument \u00e0 promouvoir certaines valeurs fondamentales qui sont au c\u0153ur de notre raison d\u2019\u00eatre et de tout ce que nous faisons. Nous consacrons beaucoup de ressources \u00e0 la promotion de nos valeurs, mais nous estimons que cela en vaut la peine parce que les projets fond\u00e9s sur l\u2019\u00e9thique, la collaboration, la diversit\u00e9 et l\u2019accessibilit\u00e9 procurent de meilleurs r\u00e9sultats pour toutes les parties int\u00e9ress\u00e9es.<\/p>\r\n\r\n<\/div>\r\n<\/div>\r\n<div class=\"row spaced-cols \" data-type=\"row\">\r\n<div class=\"col-xs-6\" data-type=\"column\">\r\n<h5 class=\"\"><span style=\"color: #343a40;\">accessibilit\u00e9 et diversit\u00e9<\/span><\/h5>\r\n<p class=\"\">Nous avons encore beaucoup de progr\u00e8s \u00e0 faire sur ce plan, mais la si grande priorit\u00e9 que nous accordons \u00e0 ces deux principes fait que 75% des participants et participantes \u00e0 nos programmes et \u00e9v\u00e9nements sont issues de groupes d\u00e9mographiques sous repr\u00e9sent\u00e9es dans le milieu de la technologie.<\/p>\r\n\r\n<\/div>\r\n<div class=\"col-xs-6\" data-type=\"column\">\r\n<h5 class=\"\"><span style=\"color: #343a40;\">ouverture<\/span><\/h5>\r\n<p class=\"\">Les esprits ouverts d\u00e9couvrent souvent des solutions innovatrices. Nous voulons \u00e9viter la pens\u00e9e monolithique de groupe, les id\u00e9es trop conventionnelles et la \u00ab mentalit\u00e9 d\u2019expert \u00bb.<\/p>\r\n\r\n<\/div>\r\n<div class=\"col-xs-6\" data-type=\"column\">\r\n<h5 class=\"\"><span style=\"color: #343a40;\">collaboration<\/span><\/h5>\r\n<p class=\"\">Lancement IA accorde plus d\u2019importance \u00e0 la collaboration qu\u2019\u00e0 la concurrence et la comp\u00e9tition.<\/p>\r\n\r\n<\/div>\r\n<div class=\"col-xs-6\" data-type=\"column\">\r\n<h5 class=\"\"><span style=\"color: #343a40;\">utilisation \u00e9tique de l\u2019IA<\/span><\/h5>\r\n<p class=\"\">En plus de contribuer \u00e0 la bonne image publique d\u2019une entreprise, l\u2019IA utilis\u00e9e pour le bien public constitue un avantage concurrentiel et une proposition de valeur certaine.<\/p>\r\n\r\n<\/div>\r\n<\/div>\r\n<\/div>\r\n<\/div>\r\n<\/div>\r\n<\/div>\r\n<div id=\"about-2\" class=\"about-5 content-section content-section-spacing\" style=\"background-color: #ffffff; background-image: none;\" data-label=\"About\" data-id=\"about--2\" data-export-id=\"about-5\" data-category=\"about\">\r\n<div class=\"gridContainer\">\r\n<div class=\"row middle-sm text-center\">\r\n<div class=\"col-sm-6 space-bottom-xs\" data-type=\"column\">\r\n<h5 class=\"\"><span style=\"color: #03a9f4;\">Objectifs<\/span><\/h5>\r\n<h2 class=\"\"><span style=\"font-weight: 900;\">Nous voulons \u00e9largir le bassin de\r\nmain d\u2019\u0153uvre sp\u00e9cialis\u00e9e en IA,\r\nfavoriser l\u2019implantation de l\u2019IA dans l\u2019\u00e9conomie canadienne et\r\nencourager la cr\u00e9ation et le d\u00e9veloppement de\r\nnouvelles entreprises locales d\u2019IA.<\/span><\/h2>\r\n<a class=\"button color1\" href=\"https:\/\/launchlab.ai\/fr\/partnership\/\" target=\"_self\" rel=\"noopener noreferrer\" data-cp-link=\"1\" data-icon=\"\">Devenez partenaire<\/a>\r\n\r\n<\/div>\r\n<div class=\"col-sm-6 flexbox image-group-right-2 around-xs top-xs space-bottom-xs\">\r\n<div class=\"left-el\"><img decoding=\"async\" loading=\"lazy\" class=\"shadow-large\" title=\"cropped-Copy-of-deck-ai-launch-lab-1-3.png\" src=\"https:\/\/i0.wp.com\/launchlab.ai\/wp-content\/uploads\/2019\/10\/cropped-Copy-of-deck-ai-launch-lab-1-3.png?zoom=2&amp;w=3840&amp;ssl=1\" alt=\"\" width=\"206\" height=\"295\" data-size=\"300x430\" \/><\/div>\r\n<div class=\"right-el\"><img decoding=\"async\" loading=\"lazy\" class=\"shadow-large\" title=\"cropped-Copy-of-deck-ai-launch-lab-2-1-3.png\" src=\"https:\/\/i0.wp.com\/launchlab.ai\/wp-content\/uploads\/2019\/10\/cropped-Copy-of-deck-ai-launch-lab-2-1-3.png?zoom=2&amp;w=3840&amp;ssl=1\" alt=\"\" width=\"206\" height=\"295\" data-size=\"300x430\" \/><\/div>\r\n<div class=\"center-overlay inner-shadow border-large\"><\/div>\r\n<\/div>\r\n<\/div>\r\n<\/div>\r\n<\/div>\r\n<div id=\"team-2\" class=\"team-1 content-section content-section-spacing\" style=\"background-color: #ffffff;\" data-label=\"Team\" data-id=\"team--2\" data-export-id=\"team-1\" data-category=\"team\">\r\n<div class=\"gridContainer\">\r\n<div class=\"row text-center\">\r\n<div class=\"section-title-col\" data-type=\"column\">\r\n<h2 class=\"\"><span style=\"font-family: 'Playfair Display', arial, helvetica, sans-serif; font-weight: 900;\">Notre \u00e9quipe<\/span><\/h2>\r\n<\/div>\r\n<\/div>\r\n<div class=\"row spaced-cols content-center-sm\" data-type=\"row\">\r\n<div class=\"col-xs-12 col-sm-6 col-md-6 \">\r\n<div class=\"card bottom-border-color1 no-padding no-shadow\">\r\n\r\n<a data-cp-link=\"1\" href=\"#\"><img decoding=\"async\" class=\"face\" title=\"cropped-Screen-Shot-2020-10-20-at-1.48.25-AM-4.png\" src=\"https:\/\/ailaunchlab.offline-test9.com\/wp-content\/uploads\/2020\/10\/cropped-Screen-Shot-2020-10-20-at-1.48.25-AM-4.png\" alt=\"\" \/><\/a>\r\n<div class=\"col-padding-small col-padding-small-xs description-container\" data-type=\"column\">\r\n\r\n<img decoding=\"async\" class=\"custom-image\" src=\"https:\/\/launchlab.ai\/wp-content\/uploads\/2020\/10\/cropped-Screen-Shot-2020-10-20-at-1.48.25-AM-4.png\" title=\"cropped-Screen-Shot-2020-10-20-at-1.48.25-AM-4.png\" alt=\"\" \/>\r\n<h4 class=\"font-500\">Elham Kheradmand<\/h4>\r\n<p class=\"small\" style=\"font-style: italic;\">Chef de projet en IA<\/p>\r\nChercheure postdoctorale \u00e0 l\u2019Universit\u00e9 de Montr\u00e9al, titulaire d\u2019un doctorat en math\u00e9matiques, sp\u00e9cialiste en d\u00e9veloppement d\u2019algorithmes, apprentissage machine et optimisation.\r\n<div class=\"social-icons-group\" data-type=\"group\"><\/div>\r\n<\/div>\r\n<\/div>\r\n<\/div>\r\n<div class=\"col-xs-12 col-sm-6 col-md-6 \">\r\n<div class=\"card bottom-border-color1 no-padding no-shadow\">\r\n\r\n<img decoding=\"async\" class=\"face\" title=\"cropped-IMG_8942.jpeg\" src=\"https:\/\/ailaunchlab.offline-test9.com\/wp-content\/uploads\/2019\/10\/cropped-IMG_8942.jpeg\" alt=\"\" \/>\r\n<div class=\"col-padding-small col-padding-small-xs description-container\" data-type=\"column\">\r\n\r\n<img decoding=\"async\" class=\"custom-image\" src=\"https:\/\/launchlab.ai\/wp-content\/uploads\/2019\/10\/cropped-IMG_8942.jpeg\" title=\"cropped-IMG_8942.jpeg\" alt=\"\" \/>\r\n<h4 class=\"font-500\">Pravish Sainath<\/h4>\r\n<p class=\"small\" style=\"font-style: italic;\">Chef de projet en IA et apprentissage machine<\/p>\r\n\u00c9tudiant \u00e0 la ma\u00eetrise en apprentissage machine de l\u2019Universit\u00e9 de Montr\u00e9al, il a d\u00e9velopp\u00e9 des logiciels pour ordinateurs de v\u00e9lo lorsqu\u2019il travaillait pour Hammerhead, une entreprise en d\u00e9marrage de New York sp\u00e9cialis\u00e9e en technologie sportive.\r\n<div class=\"social-icons-group\" data-type=\"group\"><\/div>\r\n<\/div>\r\n<\/div>\r\n<\/div>\r\n<div class=\"col-xs-12 col-sm-6 col-md-6\">\r\n<div class=\"card bottom-border-color1 no-padding no-shadow\">\r\n\r\n<a data-cp-link=\"1\" href=\"#\"><img decoding=\"async\" class=\"face\" title=\"cropped-Screen-Shot-2020-10-20-at-1.48.25-AM-4.png\" src=\"https:\/\/ailaunchlab.offline-test9.com\/wp-content\/uploads\/2020\/10\/cropped-Screen-Shot-2020-10-20-at-1.48.25-AM-4.png\" alt=\"\" \/><\/a>\r\n<div class=\"col-padding-small col-padding-small-xs description-container\" data-type=\"column\">\r\n\r\n<img decoding=\"async\" class=\"custom-image\" src=\"https:\/\/launchlab.ai\/wp-content\/uploads\/2023\/03\/cropped-223774282-d560c189-c69f-4882-a263-166cc80f0d51-2.jpg\" title=\"cropped-223774282-d560c189-c69f-4882-a263-166cc80f0d51-2.jpg\" alt=\"\" \/>\r\n<h4 class=\"font-500\">Jennifer Xie<\/h4>\r\n<p class=\"small\" style=\"font-style: italic;\">Ressources humaines<\/p>\r\n\u00c9tudiant de premier cycle \u00e0 l\u2019universit\u00e9 de Waterloo, \u00e9tudiant les sciences et la psychologie (mineures en biologie et en chimie). Il travaille actuellement \u00e0 une th\u00e8se sur la perception de l\u2019incertitude scientifique.\r\n<div class=\"social-icons-group\" data-type=\"group\"><\/div>\r\n<\/div>\r\n<\/div>\r\n<\/div>\r\n<div class=\"col-xs-12 col-sm-6 col-md-6\">\r\n<div class=\"card bottom-border-color1 no-padding no-shadow\">\r\n\r\n<a data-cp-link=\"1\" href=\"#\"><img decoding=\"async\" class=\"face\" title=\"cropped-Screen-Shot-2020-10-20-at-1.48.25-AM-4.png\" src=\"https:\/\/ailaunchlab.offline-test9.com\/wp-content\/uploads\/2020\/10\/cropped-Screen-Shot-2020-10-20-at-1.48.25-AM-4.png\" alt=\"\" \/><\/a>\r\n<div class=\"col-padding-small col-padding-small-xs description-container\" data-type=\"column\">\r\n\r\n<img decoding=\"async\" class=\"custom-image\" src=\"https:\/\/launchlab.ai\/wp-content\/uploads\/2023\/02\/image-2.jpeg\" title=\"image\" alt=\"\" \/>\r\n<h4 class=\"font-500\">Reshem Khan<\/h4>\r\n<p class=\"small\" style=\"font-style: italic;\">Responsable de l\u2019\u00e9thique et de l\u2019\u00e9quit\u00e9 en IA<\/p>\r\nMa\u00eetrise en sciences politiques avec un accent sur l\u2019\u00e9thique et les besoins en mati\u00e8re de donn\u00e9es et de politiques des groupes en qu\u00eate d\u2019\u00e9quit\u00e9. Exp\u00e9rience dans les domaines de la politique et des donn\u00e9es sociales et sanitaires.\r\n<div class=\"social-icons-group\" data-type=\"group\"><\/div>\r\n<\/div>\r\n<\/div>\r\n<\/div>\r\n<div class=\"col-xs-12 col-sm-6 col-md-6\">\r\n<div class=\"card bottom-border-color1 no-padding no-shadow\">\r\n\r\n<a data-cp-link=\"1\" href=\"#\"><img decoding=\"async\" class=\"face\" title=\"cropped-Screen-Shot-2020-10-20-at-1.48.25-AM-4.png\" src=\"https:\/\/ailaunchlab.offline-test9.com\/wp-content\/uploads\/2020\/10\/cropped-Screen-Shot-2020-10-20-at-1.48.25-AM-4.png\" alt=\"\" \/><\/a>\r\n<div class=\"col-padding-small col-padding-small-xs description-container\" data-type=\"column\">\r\n\r\n<img decoding=\"async\" class=\"custom-image\" src=\"https:\/\/launchlab.ai\/wp-content\/uploads\/2023\/03\/223774275-1054fce6-5dd2-47fd-896d-5336b2d15930-e1678338255370.jpg\" title=\"223774275-1054fce6-5dd2-47fd-896d-5336b2d15930\" alt=\"\" \/>\r\n<h4 class=\"font-500\">Siddhika Bhandari<\/h4>\r\n<p class=\"small\" style=\"font-style: italic;\">Directeur de programme<\/p>\r\nSp\u00e9cialis\u00e9e dans la planification et l\u2019ex\u00e9cution d\u2019\u00e9v\u00e9nements d\u2019entreprise pour diverses soci\u00e9t\u00e9s Fortune 500, Siddhika utilise cette exp\u00e9rience pour \u00e9laborer un plan d\u2019action bien structur\u00e9 qui soutient diff\u00e9rents programmes du d\u00e9but \u00e0 la fin.\r\n<div class=\"social-icons-group\" data-type=\"group\"><\/div>\r\n<\/div>\r\n<\/div>\r\n<\/div>\r\n<div class=\"col-xs-12 col-sm-6 col-md-6\">\r\n<div class=\"card bottom-border-color1 no-padding no-shadow\">\r\n\r\n<a data-cp-link=\"1\" href=\"#\"><img decoding=\"async\" class=\"face\" title=\"cropped-Screen-Shot-2020-10-20-at-1.48.25-AM-4.png\" src=\"https:\/\/ailaunchlab.offline-test9.com\/wp-content\/uploads\/2020\/10\/cropped-Screen-Shot-2020-10-20-at-1.48.25-AM-4.png\" alt=\"\" \/><\/a>\r\n<div class=\"col-padding-small col-padding-small-xs description-container\" data-type=\"column\">\r\n\r\n<img decoding=\"async\" class=\"custom-image\" src=\"https:\/\/launchlab.ai\/wp-content\/uploads\/2023\/04\/cropped-Aditi-Maheshwari.jpg\" title=\"cropped-Aditi-Maheshwari.jpg\" alt=\"\" \/>\r\n<h4 class=\"font-500\">Aditi Maheshwari<\/h4>\r\n<p class=\"small\" style=\"font-style: italic;\">Sp\u00e9cialiste de l\u2019IA et facilitateur de projet<\/p>\r\nAditi poursuit un master de recherche en ing\u00e9nierie informatique \u00e0 l\u2019universit\u00e9 de Toronto. Ses recherches portent sur l\u2019apprentissage automatique pour la cybers\u00e9curit\u00e9. Elle a obtenu son dipl\u00f4me de premier cycle en sciences de l\u2019ing\u00e9nieur (\u00e9galement \u00e0 l\u2019UofT), avec une sp\u00e9cialisation en robotique et une mineure en intelligence artificielle.\r\n<div class=\"social-icons-group\" data-type=\"group\"><\/div>\r\n<\/div>\r\n<\/div>\r\n<\/div>\r\n<div class=\"col-xs-12 col-sm-6 col-md-6 \">\r\n<div class=\"card bottom-border-color1 no-padding no-shadow\">\r\n\r\n<img decoding=\"async\" class=\"face\" title=\"cropped-Screen-Shot-2020-11-30-at-10.23.05-PM-6.png\" src=\"https:\/\/ailaunchlab.offline-test9.com\/wp-content\/uploads\/2020\/11\/cropped-Screen-Shot-2020-11-30-at-10.23.05-PM-6.png\" alt=\"\" \/>\r\n<div class=\"col-padding-small col-padding-small-xs description-container\" data-type=\"column\">\r\n\r\n<img decoding=\"async\" class=\"custom-image\" src=\"https:\/\/launchlab.ai\/wp-content\/uploads\/2020\/11\/cropped-Screen-Shot-2020-11-30-at-10.23.05-PM-6.png\" title=\"cropped-Screen-Shot-2020-11-30-at-10.23.05-PM-6.png\" alt=\"\" \/>\r\n<h4 class=\"font-500\">Kamil Legault<\/h4>\r\n<p class=\"small\" style=\"font-style: italic;\">Sp\u00e9cialiste en apprentissage machine<\/p>\r\nTitulaire d\u2019une ma\u00eetrise en apprentissage machine de l\u2019Universit\u00e9 de Montr\u00e9al, ancien stagiaire scientifique en recherche appliqu\u00e9e chez Element AI.\r\n<div class=\"social-icons-group\" data-type=\"group\"><\/div>\r\n<\/div>\r\n<\/div>\r\n<\/div>\r\n<div class=\"col-xs-12 col-sm-6 col-md-6 \">\r\n<div class=\"card bottom-border-color1 no-padding no-shadow\">\r\n\r\n<img decoding=\"async\" class=\"face\" title=\"cropped-Screen-Shot-2020-11-30-at-10.23.05-PM-6.png\" src=\"https:\/\/ailaunchlab.offline-test9.com\/wp-content\/uploads\/2020\/11\/cropped-Screen-Shot-2020-11-30-at-10.23.05-PM-6.png\" alt=\"\" \/>\r\n<div class=\"col-padding-small col-padding-small-xs description-container\" data-type=\"column\">\r\n\r\n<img decoding=\"async\" class=\"custom-image\" src=\"https:\/\/launchlab.ai\/wp-content\/uploads\/2026\/01\/Audrey-Traore-2026-01-07.jpg \" title=\"cropped-Screen-Shot-2020-11-30-at-10.23.05-PM-6.png\" alt=\"\" \/>\r\n<h4 class=\"font-500\">Audrey Traore<\/h4>\r\n<p class=\"small\" style=\"font-style: italic;\">Ambassadeur du programme et \u00e9ducateur<\/p>\r\n\u00c9tudiant de premier cycle en physique \u00e0 l&rsquo;Universit\u00e9 Concordia, avec une formation en marketing\/commerce. Je m\u00e8ne actuellement des recherches sur l&rsquo;application de l&rsquo;apprentissage automatique quantique \u00e0 la reconnaissance vocale.\r\n<div class=\"social-icons-group\" data-type=\"group\"><\/div>\r\n<\/div>\r\n<\/div>\r\n<\/div>\r\n<div class=\"col-xs-12 col-sm-6 col-md-6 \">\r\n<div class=\"card bottom-border-color1 no-padding no-shadow\">\r\n\r\n<img decoding=\"async\" class=\"face\" title=\"cropped-Tim008-2-scaled-2.jpg\" src=\"https:\/\/ailaunchlab.offline-test9.com\/wp-content\/uploads\/2020\/10\/cropped-Tim008-2-scaled-2.jpg\" alt=\"\" \/>\r\n<div class=\"col-padding-small col-padding-small-xs description-container\" data-type=\"column\">\r\n\r\n<img decoding=\"async\" class=\"custom-image\" src=\"https:\/\/launchlab.ai\/wp-content\/uploads\/2023\/04\/cropped-image0.jpeg\" title=\"cropped-image0.jpeg\" alt=\"\" \/>\r\n<h4 class=\"font-500\">Timothy Pereira<\/h4>\r\n<p class=\"small\" style=\"font-style: italic;\">Directeur g\u00e9n\u00e9ral, partenariats et responsable de la croissance chez AI Launch Lab<\/p>\r\nTimothy s\u2019int\u00e9resse de pr\u00e8s \u00e0 la mani\u00e8re dont l\u2019IA, les nouveaux mod\u00e8les d\u2019entreprise et les paradigmes \u00e9conomiques peuvent \u00eatre combin\u00e9s pour r\u00e9inventer les industries et la soci\u00e9t\u00e9. Il a de l\u2019exp\u00e9rience dans le marketing, la gestion de produits, les partenariats, le d\u00e9veloppement commercial, le contenu, la recherche, l\u2019id\u00e9ation, la validation, le prototypage, la constitution et la direction d\u2019\u00e9quipes, la gestion de portefeuilles d\u2019investissement, la cofondation de startups et la gestion de biens immobiliers en difficult\u00e9.\r\n<div class=\"social-icons-group\" data-type=\"group\"><\/div>\r\n<\/div>\r\n<\/div>\r\n<\/div>\r\n<\/div>\r\n<\/div>\r\n<\/div>\r\n<div id=\"content-10\" class=\"content-12 content-section content-section-spacing\" style=\"background-color: #ffffff; background-image: none;\" data-label=\"Content\" data-id=\"content--10\" data-export-id=\"content-12\" data-category=\"content\">\r\n<div class=\"\">\r\n<div class=\"row center-xs middle-xs\">\r\n<div class=\"col-sm-9\" data-type=\"column\"><img decoding=\"async\" class=\"shadow-large\" title=\"Recruiting\" src=\"https:\/\/ailaunchlab.offline-test9.com\/wp-content\/uploads\/2020\/03\/Recruiting-2.png\" alt=\"\" \/><\/div>\r\n<\/div>\r\n<\/div>\r\n<\/div>\r\n<div id=\"cta-1\" class=\"cta-blue-section content-section content-section-spacing-medium bg-color1 white-text\" data-label=\"Cta\" data-id=\"cta--1\" data-export-id=\"cta-blue-section\" data-category=\"cta\">\r\n<div class=\"gridContainer\">\r\n<div class=\"row middle-xs\">\r\n<div class=\"col-sm-8 space-bottom-xs\" data-type=\"column\">\r\n<h2 class=\"\">Joignez-vous \u00e0 nous !<\/h2>\r\n<\/div>\r\n<div class=\"col-sm-4 end-sm\" data-type=\"column\"><a class=\"button color2\" href=\"https:\/\/aisc.typeform.com\/to\/StG7mT\" target=\"_self\" rel=\"noopener noreferrer\" data-cp-link=\"1\" data-icon=\"\">FAITES UNE DEMANDE DE PARTICIPATION<\/a><\/div>\r\n<\/div>\r\n<\/div>\r\n<\/div>","protected":false},"excerpt":{"rendered":"<p>AI Launch Lab est une organisation \u00e0 but non lucratif qui s&rsquo;efforce de combler les lacunes du Canada en mati\u00e8re de formation, de talents, d&rsquo;adoption et d&rsquo;\u00e9quit\u00e9 dans le domaine de l&rsquo;IA. Si l\u2019IA sera aussi transformatrice que l\u2019\u00e9lectricit\u00e9, nous devrons tous et toutes y avoir acc\u00e8s Nous voulons d\u00e9mocratiser l\u2019AI Lancement IA cherche \u00e0&hellip; <br \/> <a class=\"read-more\" href=\"https:\/\/launchlab.ai\/fr\/a-propos\/\">Read more<\/a><\/p>\n","protected":false},"author":1,"featured_media":0,"parent":0,"menu_order":0,"comment_status":"closed","ping_status":"closed","template":"pro\/page-templates\/page-with-small-header.php","meta":{"footnotes":""},"class_list":["post-2963","page","type-page","status-publish","hentry"],"_links":{"self":[{"href":"https:\/\/launchlab.ai\/fr\/wp-json\/wp\/v2\/pages\/2963","targetHints":{"allow":["GET"]}}],"collection":[{"href":"https:\/\/launchlab.ai\/fr\/wp-json\/wp\/v2\/pages"}],"about":[{"href":"https:\/\/launchlab.ai\/fr\/wp-json\/wp\/v2\/types\/page"}],"author":[{"embeddable":true,"href":"https:\/\/launchlab.ai\/fr\/wp-json\/wp\/v2\/users\/1"}],"replies":[{"embeddable":true,"href":"https:\/\/launchlab.ai\/fr\/wp-json\/wp\/v2\/comments?post=2963"}],"version-history":[{"count":0,"href":"https:\/\/launchlab.ai\/fr\/wp-json\/wp\/v2\/pages\/2963\/revisions"}],"wp:attachment":[{"href":"https:\/\/launchlab.ai\/fr\/wp-json\/wp\/v2\/media?parent=2963"}],"curies":[{"name":"wp","href":"https:\/\/api.w.org\/{rel}","templated":true}]}}