{"id":2965,"date":"2019-08-31T18:12:32","date_gmt":"2019-08-31T18:12:32","guid":{"rendered":"http:\/\/ailaunchlab.offline-test9.com\/partnership\/"},"modified":"2024-05-23T21:37:40","modified_gmt":"2024-05-23T21:37:40","slug":"partnership","status":"publish","type":"page","link":"https:\/\/launchlab.ai\/fr\/partnership\/","title":{"rendered":"DEVENEZ PARTENAIRE"},"content":{"rendered":"<div  data-label=\"Content\" data-id=\"content--1\" data-export-id=\"content-12\" data-category=\"content\" class=\"content-12 content-section content-section-spacing\" id=\"content-1\" style=\"background-color: rgb(245, 250, 253); background-image: url(&quot;https:\/\/ailaunchlab.wpengine.com\/wp-content\/uploads\/2019\/10\/16-1.png&quot;); background-size: cover; background-position: center top;\" data-section-ov=\"1\"><div  class=\"gridContainer\"><div  data-section-title-area=\"true\" class=\"row text-center\">   <div  class=\"section-title-col\" data-type=\"column\">       <h2  class=\"\"><span  style=\"color: rgb(255, 255, 255); font-weight: 900;\">D\u00e9veloppement des talents, recrutement et projets de R-D<\/span><\/h2>          <\/div><\/div>  <div  class=\"row center-xs middle-xs\"> <div  class=\"col-sm-9\" data-type=\"column\"> <\/div> <\/div><\/div> <\/div><div  data-label=\"Overlappable\" data-id=\"overlappable--1\" data-export-id=\"overlappable-4\" data-category=\"overlappable\" class=\"overlappable-4 content-section content-section-spacing\" data-overlap=\"true\" id=\"overlappable-1\" style=\"background-color: rgb(255, 255, 255);\"><div  class=\"gridContainer\"> <div  data-type=\"row\" class=\"row spaced-cols text-center\"><div  class=\"col-xs-12 col-sm-4 col-padding\"> <i  class=\"fa icon shadow-large-black aligncenter fa-graduation-cap big color6\"><\/i> <div  data-type=\"column\" class=\"\"> <h5  class=\"\"><span  style=\"color: rgb(52, 58, 64);\">Talents en IA<\/span><\/h5> <p  class=\"\">D\u00e9velopper les talents en mati\u00e8re d\u2019IA en s\u2019appuyant sur des projets concrets et appliqu\u00e9s et sur un mentorat pratique.<\/p><\/div> <\/div> <div  class=\"col-xs-12 col-sm-4 col-padding\"> <i  class=\"fa icon shadow-large-black aligncenter fa-rocket big color6\"><\/i> <div  data-type=\"column\" class=\"\"><h5  class=\"\"><span  style=\"color: rgb(52, 58, 64);\">Projets de R&amp;D<\/span><\/h5> <p  class=\"\">Projets de R-D, prototypage et exp\u00e9rimentation \u00e0 l\u2019\u00e9chelle d\u2019\u00e9quipes hautement comp\u00e9tentes avec un minimum de co\u00fbts, de gestion et d\u2019int\u00e9gration.<\/p><\/div> <\/div> <div  class=\"col-xs-12 col-sm-4 col-padding\"> <i  class=\"fa icon shadow-large-black aligncenter fa-signal big color6\"><\/i> <div  data-type=\"column\" class=\"\"><h5  class=\"\"><span  style=\"color: rgb(52, 58, 64);\">Recrutement<\/span><\/h5> <p  class=\"\">Fournir une solution cl\u00e9 en main pour le recrutement avec des co\u00fbts d\u2019accueil et d\u2019int\u00e9gration de la main-d\u2019\u0153uvre nettement inf\u00e9rieurs gr\u00e2ce \u00e0 des projets de R-D en IA sp\u00e9cifiques au client.<\/p><\/div> <\/div><\/div> <\/div><\/div><div  data-label=\"About\" data-id=\"about--1\" data-export-id=\"about-1\" data-category=\"about\" class=\"about-1 content-section\" id=\"about-1\" style=\"background-color: rgb(255, 255, 255); background-image: none;\"><div  class=\"gridContainer\"> <div  class=\"row text-center\"><div  class=\"section-title-col\" data-type=\"column\"> <h5  class=\"\">N\u2019essayez pas de rivaliser avec les g\u00e9ants de la technologie pour des restes de talents reconnus en mati\u00e8re d\u2019IA<\/h5> <h2  class=\"\"><span  style=\"font-weight: 900;\">Il existe une \u00e9norme base de talents inexploit\u00e9s qui cherchent \u00e0 apprendre et \u00e0 s\u2019exprimer.<\/span><\/h2> <p  class=\"lead\">Les programmes de R-D du laboratoire de lancement de l\u2019IA sont con\u00e7us pour offrir des ratios \u00e9lev\u00e9s de valeur par rapport au co\u00fbt et au temps pour les partenaires tout en fournissant la formation et le mentorat qui aideront \u00e0 cr\u00e9er une main-d\u2019\u0153uvre pr\u00eate pour l\u2019IA, \u00e9largissant ainsi le bassin de talents en IA de Montr\u00e9al.<\/p><\/div> <\/div> <div  class=\"row\"> <div  class=\"button-holder space-bottom space-bottom-small\" data-type=\"column\"> <\/div> <div  class=\"col-xs bottom-xs flexbox image-group-bottom-3-img space-bottom-xs center-xs\"> <img decoding=\"async\"  loading=\"lazy\" class=\"left-img shadow-large-black\" data-size=\"500x300\" src=\"https:\/\/i0.wp.com\/launchlab.ai\/wp-content\/uploads\/2019\/10\/cropped-11.png?zoom=2&amp;w=3840&amp;ssl=1\" alt=\"\" title=\"cropped-11.png\" width=\"298\" height=\"179\" src-orig=\"https:\/\/i0.wp.com\/launchlab.ai\/wp-content\/uploads\/2019\/10\/cropped-11.png?w=3840&amp;ssl=1\" scale=\"2\"> <img decoding=\"async\"  loading=\"lazy\" class=\"center-img shadow-large-black\" data-size=\"500x300\" src=\"https:\/\/i0.wp.com\/launchlab.ai\/wp-content\/uploads\/2019\/10\/cropped-16-1-5.png?zoom=2&amp;w=3840&amp;ssl=1\" alt=\"\" title=\"cropped-16-1-5.png\" width=\"358\" height=\"214\" src-orig=\"https:\/\/i0.wp.com\/launchlab.ai\/wp-content\/uploads\/2019\/10\/cropped-16-1-5.png?w=3840&amp;ssl=1\" scale=\"2\"> <img decoding=\"async\"  loading=\"lazy\" class=\"right-img shadow-large-black\" data-size=\"500x300\" src=\"https:\/\/i0.wp.com\/launchlab.ai\/wp-content\/uploads\/2019\/10\/cropped-5-2.png?zoom=2&amp;w=3840&amp;ssl=1\" alt=\"\" title=\"cropped-5-2.png\" width=\"298\" height=\"179\" src-orig=\"https:\/\/i0.wp.com\/launchlab.ai\/wp-content\/uploads\/2019\/10\/cropped-5-2.png?w=3840&amp;ssl=1\" scale=\"2\"><\/div> <\/div><\/div> <\/div><div  data-label=\"Features\" data-id=\"features--1\" data-export-id=\"features-16-card-bordered\" data-category=\"features\" class=\"features-16-card-bordered content-section content-section-spacing\" id=\"features-1\" style=\"background-color: rgb(255, 255, 255); background-image: none;\"><div  class=\"gridContainer\"> <div  class=\"row text-center\"><div  class=\"section-title-col\" data-type=\"column\"> <h2  class=\"\"><span  style=\"color: rgb(52, 58, 64); font-weight: 900;\">Mandats des projets de R-D en IA<\/span><\/h2> <p  class=\"lead\">Les programmes de R-D de AI Launch Lab offrent aux entreprises la possibilit\u00e9 de confier et d\u2019\u00e9tendre des projets de R-D, de prototypage et d\u2019exp\u00e9rimentation \u00e0 des \u00e9quipes hautement comp\u00e9tentes avec un minimum de co\u00fbts, de gestion et d\u2019int\u00e9gration. Toutes les parties concern\u00e9es signent des accords de confidentialit\u00e9 et tous les travaux et la propri\u00e9t\u00e9 intellectuelle sont d\u00e9tenus par le mandataire du projet. Nos programmes offrent \u00e9galement des solutions de recrutement avec des co\u00fbts d\u2019int\u00e9gration et d\u2019insertion de la main-d\u2019\u0153uvre nettement inf\u00e9rieurs gr\u00e2ce \u00e0 des projets de R-D en IA sp\u00e9cifiques aux clients.<\/p><\/div> <\/div> <div  class=\"row spaced-cols\" data-type=\"row\"> <div  class=\"col-xs-12 col-sm-6 col-md-6 \"> <div  class=\"card no-padding bordered y-move\"> <img decoding=\"async\"  loading=\"lazy\" class=\"face\" src=\"https:\/\/i0.wp.com\/launchlab.ai\/wp-content\/uploads\/2019\/10\/cropped-Copy-of-deck-ai-launch-lab-8.png?zoom=2&amp;w=3840&amp;ssl=1\" alt=\"\" title=\"cropped-Copy-of-deck-ai-launch-lab-8.png\" width=\"411\" height=\"274\" src-orig=\"https:\/\/i0.wp.com\/launchlab.ai\/wp-content\/uploads\/2019\/10\/cropped-Copy-of-deck-ai-launch-lab-8.png?w=3840&amp;ssl=1\" scale=\"2\"> <div  data-type=\"column\" class=\"col-padding-small col-padding-small-xs description-container\"> <h4  class=\"font-500\"><span  style=\"font-weight: 900;\">D\u00e9tails du projet<\/span><\/h4> <p  class=\"\">Les projets de R-D de l\u2019AI Launch Lab comprennent entre 6 et 15 membres de la cohorte, qui ont g\u00e9n\u00e9ralement une formation en sciences sociales ou dans un domaine connexe. 50 % sont des \u00e9tudiants de troisi\u00e8me cycle ou ont obtenu un dipl\u00f4me de troisi\u00e8me cycle et travaillent dans l\u2019industrie, d\u2019autres sont des programmeurs exp\u00e9riment\u00e9s ou ont d\u2019autres connaissances et comp\u00e9tences pertinentes pour un projet sp\u00e9cifique. En moyenne, une \u00e9quipe travaille de <b >150 \u00e0 200 heures par semaine sur un projet.<\/b><\/p><\/div> <div  data-type=\"column\" class=\"col-padding-small col-padding-small-xs read-more-container\"><\/div> <\/div><\/div> <div  class=\"col-xs-12 col-sm-6 col-md-6 \"><div  class=\"card no-padding bordered y-move\"> <img decoding=\"async\"  loading=\"lazy\" class=\"face\" src=\"https:\/\/i0.wp.com\/launchlab.ai\/wp-content\/uploads\/2019\/10\/cropped-Copy-of-AI-Launch-Lab-Info-3.png?zoom=2&amp;w=3840&amp;ssl=1\" alt=\"\" title=\"cropped-Copy-of-AI-Launch-Lab-Info-3.png\" width=\"411\" height=\"274\" src-orig=\"https:\/\/i0.wp.com\/launchlab.ai\/wp-content\/uploads\/2019\/10\/cropped-Copy-of-AI-Launch-Lab-Info-3.png?w=3840&amp;ssl=1\" scale=\"2\"> <div  data-type=\"column\" class=\"col-padding-small col-padding-small-xs description-container\"> <h4  class=\"font-500\"><span  style=\"font-weight: 900;\">Gestion de projet et mentorat<\/span><\/h4> <p  class=\"\">Les projets sont g\u00e9r\u00e9s par AI Launch Lab et des mentors et experts sont amen\u00e9s \u00e0 fournir un soutien et des conseils suppl\u00e9mentaires aux membres de la cohorte afin de <b >limiter les d\u00e9penses de ressources en capital humain <\/b>des mandants et d\u2019augmenter la probabilit\u00e9 d\u2019obtenir les meilleurs r\u00e9sultats possibles sur les livrables du projet.<\/p><\/div> <div  data-type=\"column\" class=\"col-padding-small col-padding-small-xs read-more-container\"><\/div> <\/div><\/div>  <\/div><\/div> <\/div><div  data-label=\"Testimonials\" data-id=\"testimonials--1\" data-export-id=\"testimonials-1\" data-category=\"testimonials\" class=\"testimonials-1 content-section content-section-spacing\" id=\"testimonials-1\" style=\"background-color: rgb(255, 255, 255); background-image: none;\"><div  class=\"gridContainer\"> <div  class=\"row\"><div  data-type=\"column\" class=\"section-title-col\">  <\/div> <\/div> <div  class=\"row spaced-cols content-center-sm\" data-type=\"row\">  <div  class=\"col-sm-4 col-md-12\"><i  class=\"fa fa-quote-right icon color1 small quotation-icon\"><\/i> <p  class=\"\">Depuis le d\u00e9but, l\u2019\u00e9quipe a \u00e9t\u00e9 pr\u00e9sente et a r\u00e9pondu \u00e0 toutes nos attentes, voire les a d\u00e9pass\u00e9es. Leur plus grand atout est la fa\u00e7on dont ils choisissent les candidats. Ils ont litt\u00e9ralement pass\u00e9 des dizaines d\u2019heures \u00e0 lire les CV et les formulaires de candidature des candidats, en essayant de d\u00e9tecter qui serait capable de travailler avec qui et sur quels projets. Cela fait vraiment une grande diff\u00e9rence. Ils consid\u00e8rent les comp\u00e9tences non techniques avant les connaissances et cela s\u2019av\u00e8re \u00eatre un moyen tr\u00e8s efficace de constituer des \u00e9quipes pour de tels programmes. Nous faisons de la recherche fondamentale en IA avec une \u00e9quipe de non-experts, et \u00e7a marche !<\/p> <img decoding=\"async\"  loading=\"lazy\" src=\"https:\/\/i0.wp.com\/launchlab.ai\/wp-content\/uploads\/2019\/10\/nikolaj_van_omme.png?zoom=2&amp;w=3840&amp;ssl=1\" class=\"round icon\" alt=\"\" title=\"nikolaj_van_omme\" width=\"84\" height=\"126\" src-orig=\"https:\/\/i0.wp.com\/launchlab.ai\/wp-content\/uploads\/2019\/10\/nikolaj_van_omme.png?w=3840&amp;ssl=1\" scale=\"2\"> <h5  class=\"\">Nikolaj Van Omme<\/h5> <p  class=\"small\" style=\"font-style: italic;\"><a data-mce-href=\"https:\/\/funartech.com\" href=\"https:\/\/funartech.com\" target=\"_self\" data-mce-selected=\"inline-boundary\" data-cp-link=\"1\" class=\"\" rel=\"noopener noreferrer\">CEO, Funartech<\/a><\/p><\/div>  <\/div><\/div> <\/div><div  data-label=\"Clients\" data-id=\"clients--1\" data-export-id=\"clients-4\" data-category=\"clients\" class=\"clients-4 content-section content-section-spacing-small\" id=\"clients-1\" style=\"background-color: rgb(255, 255, 255); background-image: none;\"><div  class=\"gridContainer\"> <div  class=\"row\"><div  data-type=\"column\" class=\"section-title-col\">  <h3  class=\"\">Projets de R-D en IA en collaboration avec<\/h3><\/div> <\/div> <div  data-type=\"row\" class=\"row spaced-cols middle-xs center-xs space-bottom padding-lr\"> <div  class=\"col-xs-6 col-sm-2 col-md-1\"> <a data-cp-link=\"1\" href=\"https:\/\/www.ubisoft.com\/en-ca\" class=\"\" target=\"_self\" rel=\"noopener noreferrer\"><img decoding=\"async\"  loading=\"lazy\" src=\"https:\/\/i2.wp.com\/launchlab.ai\/wp-content\/uploads\/2019\/10\/ubisoft-logo-115309624714q2n6bqy4h-copy.png?zoom=2&amp;w=3840&amp;ssl=1\" class=\"\" alt=\"\" title=\"ubisoft-logo-115309624714q2n6bqy4h copy\" width=\"112\" height=\"103\" src-orig=\"https:\/\/i2.wp.com\/launchlab.ai\/wp-content\/uploads\/2019\/10\/ubisoft-logo-115309624714q2n6bqy4h-copy.png?w=3840&amp;ssl=1\" scale=\"2\"><\/a><\/div> <div  class=\"col-xs-6 col-sm-2 col-md-1\"> <a data-cp-link=\"1\" href=\"https:\/\/ova.ai\" class=\"\" target=\"_self\" rel=\"noopener noreferrer\"><img decoding=\"async\"  loading=\"lazy\" src=\"https:\/\/i0.wp.com\/launchlab.ai\/wp-content\/uploads\/2019\/10\/IMG_3164.png?zoom=2&amp;w=3840&amp;ssl=1\" class=\"\" alt=\"\" title=\"IMG_3164\" width=\"112\" height=\"42\" src-orig=\"https:\/\/i0.wp.com\/launchlab.ai\/wp-content\/uploads\/2019\/10\/IMG_3164.png?w=3840&amp;ssl=1\" scale=\"2\"><\/a><\/div> <div  class=\"col-xs-6 col-sm-2 col-md-1\"> <a data-cp-link=\"1\" href=\"https:\/\/funartech.com\" class=\"\" target=\"_self\" rel=\"noopener noreferrer\"><img decoding=\"async\"  loading=\"lazy\" src=\"https:\/\/i2.wp.com\/launchlab.ai\/wp-content\/uploads\/2019\/10\/logo_funartech_H.png?zoom=2&amp;w=3840&amp;ssl=1\" class=\"\" alt=\"\" title=\"logo_funartech_H\" width=\"112\" height=\"16\" src-orig=\"https:\/\/i2.wp.com\/launchlab.ai\/wp-content\/uploads\/2019\/10\/logo_funartech_H.png?w=3840&amp;ssl=1\" scale=\"2\"><\/a><\/div> <div  class=\"col-xs-6 col-sm-2 col-md-1\"> <a data-cp-link=\"1\" href=\"https:\/\/www.goarthur.ai\" class=\"\" target=\"_self\" rel=\"noopener noreferrer\"><img decoding=\"async\"  loading=\"lazy\" src=\"https:\/\/i1.wp.com\/launchlab.ai\/wp-content\/uploads\/2019\/10\/cropped-logo-withPadding-ConcordAi-1.png?zoom=2&amp;w=3840&amp;ssl=1\" class=\"\" alt=\"\" title=\"cropped-logo-withPadding-ConcordAi-1.png\" width=\"112\" height=\"29\" src-orig=\"https:\/\/i1.wp.com\/launchlab.ai\/wp-content\/uploads\/2019\/10\/cropped-logo-withPadding-ConcordAi-1.png?w=3840&amp;ssl=1\" scale=\"2\"><\/a><\/div> <div  class=\"col-xs-6 col-sm-2 col-md-1\"> <a data-cp-link=\"1\" href=\"https:\/\/www.itinerum.ca\" class=\"\" target=\"_self\" rel=\"noopener noreferrer\"><img decoding=\"async\"  loading=\"lazy\" src=\"https:\/\/i1.wp.com\/launchlab.ai\/wp-content\/uploads\/2019\/10\/cropped-itinerum_wordmark_blue-1.png?zoom=2&amp;w=3840&amp;ssl=1\" class=\"\" alt=\"\" title=\"cropped-itinerum_wordmark_blue-1.png\" width=\"112\" height=\"30\" src-orig=\"https:\/\/i1.wp.com\/launchlab.ai\/wp-content\/uploads\/2019\/10\/cropped-itinerum_wordmark_blue-1.png?w=3840&amp;ssl=1\" scale=\"2\"><\/a><\/div> <div  class=\"col-xs-6 col-sm-2 col-md-1\"> <a data-cp-link=\"1\" href=\"https:\/\/galilei.ca\" class=\"\" target=\"_self\" rel=\"noopener noreferrer\"><img decoding=\"async\"  loading=\"lazy\" src=\"https:\/\/i0.wp.com\/launchlab.ai\/wp-content\/uploads\/2019\/10\/logo-galilei.png?zoom=2&amp;w=3840&amp;ssl=1\" class=\"\" alt=\"\" title=\"logo-galilei\" width=\"112\" height=\"62\" src-orig=\"https:\/\/i0.wp.com\/launchlab.ai\/wp-content\/uploads\/2019\/10\/logo-galilei.png?w=3840&amp;ssl=1\" scale=\"2\"><\/a><\/div> <div  class=\"col-xs-6 col-sm-2 col-md-1\"> <a data-cp-link=\"1\" href=\"http:\/\/v1.studio\" class=\"\" target=\"_self\" rel=\"noopener noreferrer\"><img decoding=\"async\"  src=\"https:\/\/ailaunchlab.offline-test9.com\/wp-content\/uploads\/2020\/05\/cropped-V1-Logo-Titilium-1.png\" class=\"\" alt=\"\" title=\"ubisoft-logo-115309624714q2n6bqy4h copy\" scale=\"2\"><\/a><img decoding=\"async\"  class=\"custom-image\" src=\"https:\/\/launchlab.ai\/wp-content\/uploads\/2021\/04\/cropped-cropped-cropped-Copy-of-RD-Program-1-1.png\" title=\"cropped-cropped-cropped-Copy-of-RD-Program-1-1.png\" alt=\"\"><\/div><\/div><\/div> <\/div><div  data-label=\"Contact\" data-id=\"contact--1\" data-export-id=\"contact-1\" data-category=\"contact\" class=\"contact-1 content-section content-section-spacing white-text\" data-parallax-depth=\"20\" id=\"contact-1\" style=\"background-color: rgb(255, 255, 255); background-image: url(&quot;https:\/\/ailaunchlab.wpengine.com\/wp-content\/uploads\/2019\/10\/3.png&quot;); background-size: cover; background-position: center top;\"><div  class=\"gridContainer\"> <div  class=\"row text-center\"><div  class=\"section-title-col\" data-type=\"column\"> <h2  class=\"\"><span  style=\"font-weight: 900;\">Vous aimeriez collaborer avec nous ou proposer un projet de R-D \u00e0 r\u00e9aliser dans le cadre de notre programme?<\/span><div ><br ><span  style=\"color: rgb(3, 169, 244);\">Communiquez avec nous :<\/span><\/div><\/h2> <\/div> <\/div> <div  class=\"row text-center\"> <div  class=\"col-xs-12 col-sm-8 col-sm-offset-2 contact-form-wrapper inline-info\"> <div  class=\"card large-padding\"> <div  class=\"\" data-content-shortcode=\"mesmerize_contact_form shortcode=&quot;wpforms id=&amp;amp;quot;3007&amp;amp;quot;&quot;\" data-editable=\"true\"><div class=\"wpforms-container wpforms-container-full\" id=\"wpforms-3007\"><form id=\"wpforms-form-3007\" class=\"wpforms-validate wpforms-form\" data-formid=\"3007\" method=\"post\" enctype=\"multipart\/form-data\" action=\"\/fr\/wp-json\/wp\/v2\/pages\/2965\" data-token=\"45bc18c58792f3a9ec4e3d5c4d07f444\" data-token-time=\"1777640052\"><noscript class=\"wpforms-error-noscript\">Veuillez activer JavaScript dans votre navigateur pour remplir ce formulaire.<\/noscript><div class=\"wpforms-field-container\"><div id=\"wpforms-3007-field_0-container\" class=\"wpforms-field wpforms-field-name\" data-field-id=\"0\"><label class=\"wpforms-field-label\">Nom <span class=\"wpforms-required-label\">*<\/span><\/label><div class=\"wpforms-field-row wpforms-field-large\"><div class=\"wpforms-field-row-block wpforms-first wpforms-one-half\"><input type=\"text\" id=\"wpforms-3007-field_0\" class=\"wpforms-field-name-first wpforms-field-required\" name=\"wpforms[fields][0][first]\" required><label for=\"wpforms-3007-field_0\" class=\"wpforms-field-sublabel after\">Pr\u00e9nom<\/label><\/div><div class=\"wpforms-field-row-block wpforms-one-half\"><input type=\"text\" id=\"wpforms-3007-field_0-last\" class=\"wpforms-field-name-last wpforms-field-required\" name=\"wpforms[fields][0][last]\" required><label for=\"wpforms-3007-field_0-last\" class=\"wpforms-field-sublabel after\">Nom<\/label><\/div><\/div><\/div><div id=\"wpforms-3007-field_1-container\" class=\"wpforms-field wpforms-field-email\" data-field-id=\"1\"><label class=\"wpforms-field-label\" for=\"wpforms-3007-field_1\">Email <span class=\"wpforms-required-label\">*<\/span><\/label><input type=\"email\" id=\"wpforms-3007-field_1\" class=\"wpforms-field-large wpforms-field-required\" name=\"wpforms[fields][1]\" spellcheck=\"false\" required><\/div><div id=\"wpforms-3007-field_2-container\" class=\"wpforms-field wpforms-field-textarea\" data-field-id=\"2\"><label class=\"wpforms-field-label\" for=\"wpforms-3007-field_2\">Commentaire ou message <span class=\"wpforms-required-label\">*<\/span><\/label><textarea id=\"wpforms-3007-field_2\" class=\"wpforms-field-large wpforms-field-required\" name=\"wpforms[fields][2]\" required><\/textarea><\/div><\/div><!-- .wpforms-field-container --><div class=\"wpforms-field wpforms-field-hp\"><label for=\"wpforms-3007-field-hp\" class=\"wpforms-field-label\">Website<\/label><input type=\"text\" name=\"wpforms[hp]\" id=\"wpforms-3007-field-hp\" class=\"wpforms-field-medium\"><\/div><div class=\"wpforms-submit-container\" ><input type=\"hidden\" name=\"wpforms[id]\" value=\"3007\"><input type=\"hidden\" name=\"page_title\" value=\"\"><input type=\"hidden\" name=\"page_url\" value=\"https:\/\/launchlab.ai\/fr\/wp-json\/wp\/v2\/pages\/2965\"><input type=\"hidden\" name=\"url_referer\" value=\"\"><button type=\"submit\" name=\"wpforms[submit]\" id=\"wpforms-submit-3007\" class=\"wpforms-submit button color1\" data-alt-text=\"L&#039;envoi...\" data-submit-text=\"Envoyer\" aria-live=\"assertive\" value=\"wpforms-submit\">Envoyer<\/button><\/div><\/form><\/div>  <!-- .wpforms-container --><\/div><\/div> <\/div><\/div> <\/div><\/div><div  data-label=\"Clients\" data-id=\"clients--2\" data-export-id=\"clients-4\" data-category=\"clients\" class=\"clients-4 content-section content-section-spacing-small\" id=\"clients-2\" style=\"background-color: rgb(255, 255, 255);\"><div  class=\"gridContainer\"> <div  class=\"row\"><div  data-type=\"column\" class=\"section-title-col\">  <h3  class=\"\"><span  style=\"color: rgb(107, 124, 147);\">Nos partenaires fondateurs<\/span><\/h3><\/div> <\/div> <div  data-type=\"row\" class=\"row spaced-cols middle-xs center-xs space-bottom padding-lr\"> <div  class=\"col-xs-6 col-sm-2\"> <a data-cp-link=\"1\" href=\"http:\/\/d3center.ca\" class=\"\" target=\"_self\" rel=\"noopener noreferrer\"><img decoding=\"async\"  loading=\"lazy\" src=\"https:\/\/i0.wp.com\/launchlab.ai\/wp-content\/uploads\/2020\/02\/cropped-82870236_2650072625108374_6963133965347586048_o-1.png?w=3840&amp;ssl=1\" class=\"\" alt=\"\" title=\"Concordia_Logo2\" width=\"93\" height=\"52\"><\/a><\/div><div  class=\"col-xs-6 col-sm-2\"> <a data-cp-link=\"1\" href=\"https:\/\/www.concordia.ca\" class=\"\" target=\"_self\" rel=\"noopener noreferrer\"><img decoding=\"async\"  loading=\"lazy\" src=\"https:\/\/i2.wp.com\/launchlab.ai\/wp-content\/uploads\/2019\/10\/Concordia_Logo2.png?zoom=2&amp;w=3840&amp;ssl=1\" class=\"\" alt=\"\" title=\"Concordia_Logo2\" width=\"112\" height=\"30\" src-orig=\"https:\/\/i2.wp.com\/launchlab.ai\/wp-content\/uploads\/2019\/10\/Concordia_Logo2.png?w=3840&amp;ssl=1\" scale=\"2\"><\/a><\/div>  <div  class=\"col-xs-6 col-sm-2\"> <a data-cp-link=\"1\" href=\"https:\/\/catallaxy.rcgt.com\" class=\"\" target=\"_self\" rel=\"noopener noreferrer\"><img decoding=\"async\"  loading=\"lazy\" src=\"https:\/\/i0.wp.com\/launchlab.ai\/wp-content\/uploads\/2019\/10\/cropped-Catallaxy-bleu.png?zoom=2&amp;w=3840&amp;ssl=1\" class=\"\" alt=\"\" title=\"cropped-Catallaxy-bleu.png\" width=\"112\" height=\"59\" src-orig=\"https:\/\/i0.wp.com\/launchlab.ai\/wp-content\/uploads\/2019\/10\/cropped-Catallaxy-bleu.png?w=3840&amp;ssl=1\" scale=\"2\"><\/a><\/div> <div  class=\"col-xs-6 col-sm-2\"> <img decoding=\"async\"  loading=\"lazy\" src=\"https:\/\/i2.wp.com\/launchlab.ai\/wp-content\/uploads\/2019\/10\/cropped-AISC-LOGO-3small.png?zoom=2&amp;w=3840&amp;ssl=1\" class=\"\" alt=\"\" title=\"cropped-AISC-LOGO-3small.png\" width=\"112\" height=\"45\" src-orig=\"https:\/\/i2.wp.com\/launchlab.ai\/wp-content\/uploads\/2019\/10\/cropped-AISC-LOGO-3small.png?w=3840&amp;ssl=1\" scale=\"2\"><\/div>  <div  class=\"col-xs-6 col-sm-2\"> <a data-cp-link=\"1\" href=\"https:\/\/www.csu.qc.ca\" class=\"\" target=\"_self\" rel=\"noopener noreferrer\"><img decoding=\"async\"  loading=\"lazy\" src=\"https:\/\/i2.wp.com\/launchlab.ai\/wp-content\/uploads\/2019\/10\/csublacklogo.png?zoom=2&amp;w=3840&amp;ssl=1\" class=\"\" alt=\"\" title=\"csublacklogo\" width=\"112\" height=\"39\" src-orig=\"https:\/\/i2.wp.com\/launchlab.ai\/wp-content\/uploads\/2019\/10\/csublacklogo.png?w=3840&amp;ssl=1\" scale=\"2\"><\/a><\/div> <div  class=\"col-xs-6 col-sm-2\"> <a data-cp-link=\"1\" href=\"https:\/\/www.economie.gouv.qc.ca\/accueil\" class=\"\" target=\"_self\" rel=\"noopener noreferrer\"><img decoding=\"async\"  loading=\"lazy\" src=\"https:\/\/launchlab.ai\/wp-content\/uploads\/2021\/04\/cropped-cropped-Copy-of-RD-Program-1-1.png\" class=\"\" alt=\"\" title=\"Concordia_Logo2\"><\/a><\/div><\/div><\/div> <\/div>","protected":false},"excerpt":{"rendered":"<p>D\u00e9veloppement des talents, recrutement et projets de R-D Talents en IA D\u00e9velopper les talents en mati\u00e8re d\u2019IA en s\u2019appuyant sur des projets concrets et appliqu\u00e9s et sur un mentorat pratique. Projets de R&amp;D Projets de R-D, prototypage et exp\u00e9rimentation \u00e0 l\u2019\u00e9chelle d\u2019\u00e9quipes hautement comp\u00e9tentes avec un minimum de co\u00fbts, de gestion et d\u2019int\u00e9gration. Recrutement Fournir&hellip; <br \/> <a class=\"read-more\" href=\"https:\/\/launchlab.ai\/fr\/partnership\/\">Read more<\/a><\/p>\n","protected":false},"author":1,"featured_media":0,"parent":0,"menu_order":0,"comment_status":"closed","ping_status":"closed","template":"pro\/page-templates\/page-with-small-header.php","meta":{"footnotes":""},"class_list":["post-2965","page","type-page","status-publish","hentry"],"_links":{"self":[{"href":"https:\/\/launchlab.ai\/fr\/wp-json\/wp\/v2\/pages\/2965","targetHints":{"allow":["GET"]}}],"collection":[{"href":"https:\/\/launchlab.ai\/fr\/wp-json\/wp\/v2\/pages"}],"about":[{"href":"https:\/\/launchlab.ai\/fr\/wp-json\/wp\/v2\/types\/page"}],"author":[{"embeddable":true,"href":"https:\/\/launchlab.ai\/fr\/wp-json\/wp\/v2\/users\/1"}],"replies":[{"embeddable":true,"href":"https:\/\/launchlab.ai\/fr\/wp-json\/wp\/v2\/comments?post=2965"}],"version-history":[{"count":0,"href":"https:\/\/launchlab.ai\/fr\/wp-json\/wp\/v2\/pages\/2965\/revisions"}],"wp:attachment":[{"href":"https:\/\/launchlab.ai\/fr\/wp-json\/wp\/v2\/media?parent=2965"}],"curies":[{"name":"wp","href":"https:\/\/api.w.org\/{rel}","templated":true}]}}